{"id":338,"date":"2025-02-21T16:36:16","date_gmt":"2025-02-21T09:36:16","guid":{"rendered":"https:\/\/truonghoc1.hmarketing.vn\/?page_id=338"},"modified":"2025-02-23T16:04:53","modified_gmt":"2025-02-23T09:04:53","slug":"danh-cho-hoc-sinh","status":"publish","type":"page","link":"https:\/\/ptnktdtt-hanoi.edu.vn\/?page_id=338","title":{"rendered":"D\u00e0nh cho h\u1ecdc sinh"},"content":{"rendered":"\t<section class=\"section\" id=\"section_1344155520\">\n\t\t<div class=\"bg section-bg fill bg-fill  bg-loaded\" >\n\n\t\t\t\n\t\t\t\n\t\t\t\n\n\t\t<\/div>\n\n\t\t\n\n\t\t<div class=\"section-content relative\">\n\t\t\t\n\t<div id=\"gap-1524744089\" class=\"gap-element clearfix\" style=\"display:block; height:auto;\">\n\t\t\n<style>\n#gap-1524744089 {\n  padding-top: 15px;\n}\n<\/style>\n\t<\/div>\n\t\n<div class=\"row row-small\"  id=\"row-1000655064\">\n\n\t<div id=\"col-413661379\" class=\"col small-12 large-12\"  >\n\t\t\t\t<div class=\"col-inner\"  >\n\t\t\t\n\t\t\t\n<h2 class=\"uppercase\" style=\"margin: 0px;\"><span class=\"custom-title\">Gi\u00e0nh cho h\u1ecdc sinh<\/span><\/h2>\n<div id=\"gtx-trans\" style=\"position: absolute; left: 134px; top: -15px;\">\n<div class=\"gtx-trans-icon\">\u00a0<\/div>\n<\/div>\n\t<div id=\"gap-195045063\" class=\"gap-element clearfix\" style=\"display:block; height:auto;\">\n\t\t\n<style>\n#gap-195045063 {\n  padding-top: 30px;\n}\n<\/style>\n\t<\/div>\n\t\n\t\t<\/div>\n\t\t\t\t\t<\/div>\n\n\t\n<\/div>\n<div class=\"row\"  id=\"row-24631095\">\n\n\t<div id=\"col-453812443\" class=\"col small-12 large-12\"  >\n\t\t\t\t<div class=\"col-inner\"  >\n\t\t\t\n\t\t\t\n\n  \n    <div class=\"row large-columns-1 medium-columns-1 small-columns-1\">\n  <div class=\"col post-item\" >\n\t\t\t<div class=\"col-inner\">\n\t\t\t<a href=\"https:\/\/ptnktdtt-hanoi.edu.vn\/?p=669\" class=\"plain\">\n\t\t\t\t<div class=\"box box-vertical box-text-bottom box-blog-post has-hover\">\n            \t\t\t\t\t<div class=\"box-image\" style=\"width:43%;\">\n  \t\t\t\t\t\t<div class=\"image-cover\" style=\"padding-top:89%;\">\n  \t\t\t\t\t\t\t<img loading=\"lazy\" decoding=\"async\" width=\"1440\" height=\"960\" src=\"https:\/\/ptnktdtt-hanoi.edu.vn\/wp-content\/uploads\/2025\/02\/433468868_952059826925082_8231140775356728695_n.jpg\" class=\"attachment-original size-original wp-post-image\" alt=\"\" srcset=\"https:\/\/ptnktdtt-hanoi.edu.vn\/wp-content\/uploads\/2025\/02\/433468868_952059826925082_8231140775356728695_n.jpg 1440w, https:\/\/ptnktdtt-hanoi.edu.vn\/wp-content\/uploads\/2025\/02\/433468868_952059826925082_8231140775356728695_n-300x200.jpg 300w, https:\/\/ptnktdtt-hanoi.edu.vn\/wp-content\/uploads\/2025\/02\/433468868_952059826925082_8231140775356728695_n-1024x683.jpg 1024w, https:\/\/ptnktdtt-hanoi.edu.vn\/wp-content\/uploads\/2025\/02\/433468868_952059826925082_8231140775356728695_n-768x512.jpg 768w\" sizes=\"auto, (max-width: 1440px) 100vw, 1440px\" \/>  \t\t\t\t\t\t\t  \t\t\t\t\t\t\t  \t\t\t\t\t\t<\/div>\n  \t\t\t\t\t\t  \t\t\t\t\t<\/div>\n          \t\t\t\t\t<div class=\"box-text text-left\" >\n\t\t\t\t\t<div class=\"box-text-inner blog-post-inner\">\n\n\t\t\t\t\t\n\t\t\t\t\t\t\t\t\t\t<h5 class=\"post-title is-large \">Cu\u1ed9c thi \u201cKing and Queen tr\u01b0\u1eddng PTNK TDTT H\u00e0 N\u1ed9i l\u1ea7n th\u1ee9 nh\u1ea5t\u201d n\u0103m h\u1ecdc 2023-2024<\/h5>\n\t\t\t\t\t\t\t\t\t\t<div class=\"is-divider\"><\/div>\n\t\t\t\t\t\t\t\t\t\t<p class=\"from_the_blog_excerpt \">Th\u1ef1c hi\u1ec7n k\u1ebf ho\u1ea1ch n\u0103m h\u1ecdc, k\u1ebf ho\u1ea1ch c\u00f4ng t\u00e1c \u0110o\u00e0n v\u00e0 Phong tr\u00e0o Thanh thi\u1ebfu ni\u00ean Tr\u01b0\u1eddng Ph\u1ed5 th\u00f4ng N\u0103ng khi\u1ebfu TDTT H\u00e0 N\u1ed9i n\u0103m h\u1ecdc 2023 \u2013 2024, \u0111\u01b0\u1ee3c s\u1ef1 nh\u1ea5t tr\u00ed v\u00e0 ch\u1ec9 \u0111\u1ea1o c\u1ee7a BGH nh\u00e0 tr\u01b0\u1eddng, BCH \u0110o\u00e0n tr\u01b0\u1eddng \u0111\u00e3 t\u1ed5 ch\u1ee9c Cu\u1ed9c thi \u201cKing...\t\t\t\t\t<\/p>\n\t\t\t\t\t                    \n\t\t\t\t\t\n\t\t\t\t\t\n\t\t\t\t\t<\/div>\n\t\t\t\t\t<\/div>\n\t\t\t\t\t\t\t\t\t<\/div>\n\t\t\t\t<\/a>\n\t\t\t<\/div>\n\t\t<\/div><div class=\"col post-item\" >\n\t\t\t<div class=\"col-inner\">\n\t\t\t<a href=\"https:\/\/ptnktdtt-hanoi.edu.vn\/?p=649\" class=\"plain\">\n\t\t\t\t<div class=\"box box-vertical box-text-bottom box-blog-post has-hover\">\n            \t\t\t\t\t<div class=\"box-image\" style=\"width:43%;\">\n  \t\t\t\t\t\t<div class=\"image-cover\" style=\"padding-top:89%;\">\n  \t\t\t\t\t\t\t<img loading=\"lazy\" decoding=\"async\" width=\"1276\" height=\"956\" src=\"https:\/\/ptnktdtt-hanoi.edu.vn\/wp-content\/uploads\/2025\/02\/440943189_986338450163886_6367505821329091917_n.jpg\" class=\"attachment-original size-original wp-post-image\" alt=\"\" srcset=\"https:\/\/ptnktdtt-hanoi.edu.vn\/wp-content\/uploads\/2025\/02\/440943189_986338450163886_6367505821329091917_n.jpg 1276w, https:\/\/ptnktdtt-hanoi.edu.vn\/wp-content\/uploads\/2025\/02\/440943189_986338450163886_6367505821329091917_n-300x225.jpg 300w, https:\/\/ptnktdtt-hanoi.edu.vn\/wp-content\/uploads\/2025\/02\/440943189_986338450163886_6367505821329091917_n-1024x767.jpg 1024w, https:\/\/ptnktdtt-hanoi.edu.vn\/wp-content\/uploads\/2025\/02\/440943189_986338450163886_6367505821329091917_n-768x575.jpg 768w\" sizes=\"auto, (max-width: 1276px) 100vw, 1276px\" \/>  \t\t\t\t\t\t\t  \t\t\t\t\t\t\t  \t\t\t\t\t\t<\/div>\n  \t\t\t\t\t\t  \t\t\t\t\t<\/div>\n          \t\t\t\t\t<div class=\"box-text text-left\" >\n\t\t\t\t\t<div class=\"box-text-inner blog-post-inner\">\n\n\t\t\t\t\t\n\t\t\t\t\t\t\t\t\t\t<h5 class=\"post-title is-large \">L\u1ec5 k\u1ebft n\u1ea1p \u0111\u1ed9i vi\u00ean n\u0103m h\u1ecdc 2023 \u2013 2024 tr\u01b0\u1eddng ph\u1ed5 th\u00f4ng n\u0103ng khi\u1ebfu TDTT H\u00e0 N\u1ed9i<\/h5>\n\t\t\t\t\t\t\t\t\t\t<div class=\"is-divider\"><\/div>\n\t\t\t\t\t\t\t\t\t\t<p class=\"from_the_blog_excerpt \">\u201cTay ta n\u00e2ng cao t\u1ea5m ch\u00e2n dung B\u00e1c H\u1ed3. Trong tim vang l\u00ean nh\u1eefng \u01b0\u1edbc m\u01a1 r\u1ef1c r\u1ee1. Kh\u0103n qu\u00e0ng \u0111\u1ecf t\u01b0\u01a1i l\u00e0 c\u1ee7a B\u00e1c trao cho m\u00ecnh. Bi\u1ebft bao t\u1ef1 h\u00e0o \u0110\u1ed9i H\u1ed3 Ch\u00ed Minh quang vinh\u2026.\u201d &#8211; L\u1eddi b\u00e0i h\u00e1t vang v\u1ecdng \u0111\u1ea7y c\u1ea3m x\u00fac trong l\u00f2ng c\u1ee7a...\t\t\t\t\t<\/p>\n\t\t\t\t\t                    \n\t\t\t\t\t\n\t\t\t\t\t\n\t\t\t\t\t<\/div>\n\t\t\t\t\t<\/div>\n\t\t\t\t\t\t\t\t\t<\/div>\n\t\t\t\t<\/a>\n\t\t\t<\/div>\n\t\t<\/div><div class=\"col post-item\" >\n\t\t\t<div class=\"col-inner\">\n\t\t\t<a href=\"https:\/\/ptnktdtt-hanoi.edu.vn\/?p=643\" class=\"plain\">\n\t\t\t\t<div class=\"box box-vertical box-text-bottom box-blog-post has-hover\">\n            \t\t\t\t\t<div class=\"box-image\" style=\"width:43%;\">\n  \t\t\t\t\t\t<div class=\"image-cover\" style=\"padding-top:89%;\">\n  \t\t\t\t\t\t\t<img loading=\"lazy\" decoding=\"async\" width=\"990\" height=\"524\" src=\"https:\/\/ptnktdtt-hanoi.edu.vn\/wp-content\/uploads\/2025\/02\/Screenshot-2025-02-17-at-04.31.01.png\" class=\"attachment-original size-original wp-post-image\" alt=\"\" srcset=\"https:\/\/ptnktdtt-hanoi.edu.vn\/wp-content\/uploads\/2025\/02\/Screenshot-2025-02-17-at-04.31.01.png 990w, https:\/\/ptnktdtt-hanoi.edu.vn\/wp-content\/uploads\/2025\/02\/Screenshot-2025-02-17-at-04.31.01-300x159.png 300w, https:\/\/ptnktdtt-hanoi.edu.vn\/wp-content\/uploads\/2025\/02\/Screenshot-2025-02-17-at-04.31.01-768x406.png 768w\" sizes=\"auto, (max-width: 990px) 100vw, 990px\" \/>  \t\t\t\t\t\t\t  \t\t\t\t\t\t\t  \t\t\t\t\t\t<\/div>\n  \t\t\t\t\t\t  \t\t\t\t\t<\/div>\n          \t\t\t\t\t<div class=\"box-text text-left\" >\n\t\t\t\t\t<div class=\"box-text-inner blog-post-inner\">\n\n\t\t\t\t\t\n\t\t\t\t\t\t\t\t\t\t<h5 class=\"post-title is-large \">Ch\u01b0\u01a1ng tr\u00ecnh tr\u1ea3i nghi\u1ec7m NK H\u1ecdc k\u1ef3 I n\u0103m h\u1ecdc 2024-2025 c\u1ee7a tr\u01b0\u1eddng Ph\u1ed5 th\u00f4ng n\u0103ng khi\u1ebfu TDTT H\u00e0 N\u1ed9i<\/h5>\n\t\t\t\t\t\t\t\t\t\t<div class=\"is-divider\"><\/div>\n\t\t\t\t\t\t\t\t\t\t<p class=\"from_the_blog_excerpt \">Ch\u01b0\u01a1ng tr\u00ecnh tr\u1ea3i nghi\u1ec7m ngo\u1ea1i kho\u00e1 H\u1ecdc k\u1ef3 I n\u0103m h\u1ecdc 2024-2025 c\u1ee7a tr\u01b0\u1eddng Ph\u1ed5 th\u00f4ng n\u0103ng khi\u1ebfu Th\u1ec3 d\u1ee5c th\u1ec3 thao H\u00e0 N\u1ed9i t\u1ea1i B\u1ea3n l\u00e0ng Th\u00e1i H\u1ea3i &#8211; Th\u00e1i Nguy\u00ean ch\u00e0o m\u1eebng k\u1ef7 ni\u1ec7m 70 n\u0103m ng\u00e0nh Gi\u00e1o d\u1ee5c Th\u1ee7 \u0111\u00f4 (1954 &#8211; 2024) v\u00e0 ch\u00e0o m\u1eebng 42...\t\t\t\t\t<\/p>\n\t\t\t\t\t                    \n\t\t\t\t\t\n\t\t\t\t\t\n\t\t\t\t\t<\/div>\n\t\t\t\t\t<\/div>\n\t\t\t\t\t\t\t\t\t<\/div>\n\t\t\t\t<\/a>\n\t\t\t<\/div>\n\t\t<\/div><\/div>\n\t\t<\/div>\n\t\t\t\t\t<\/div>\n\n\t\n<\/div>\n\t\t<\/div>\n\n\t\t\n<style>\n#section_1344155520 {\n  padding-top: 0px;\n  padding-bottom: 0px;\n}\n#section_1344155520 .ux-shape-divider--top svg {\n  height: 150px;\n  --divider-top-width: 100%;\n}\n#section_1344155520 .ux-shape-divider--bottom svg {\n  height: 150px;\n  --divider-width: 100%;\n}\n@media (min-width:550px) {\n  #section_1344155520 {\n    padding-top: 30px;\n    padding-bottom: 30px;\n  }\n}\n<\/style>\n\t<\/section>\n\t\n","protected":false},"excerpt":{"rendered":"","protected":false},"author":1,"featured_media":0,"parent":0,"menu_order":0,"comment_status":"closed","ping_status":"closed","template":"page-blank.php","meta":{"footnotes":""},"class_list":["post-338","page","type-page","status-publish","hentry"],"_links":{"self":[{"href":"https:\/\/ptnktdtt-hanoi.edu.vn\/index.php?rest_route=\/wp\/v2\/pages\/338","targetHints":{"allow":["GET"]}}],"collection":[{"href":"https:\/\/ptnktdtt-hanoi.edu.vn\/index.php?rest_route=\/wp\/v2\/pages"}],"about":[{"href":"https:\/\/ptnktdtt-hanoi.edu.vn\/index.php?rest_route=\/wp\/v2\/types\/page"}],"author":[{"embeddable":true,"href":"https:\/\/ptnktdtt-hanoi.edu.vn\/index.php?rest_route=\/wp\/v2\/users\/1"}],"replies":[{"embeddable":true,"href":"https:\/\/ptnktdtt-hanoi.edu.vn\/index.php?rest_route=%2Fwp%2Fv2%2Fcomments&post=338"}],"version-history":[{"count":5,"href":"https:\/\/ptnktdtt-hanoi.edu.vn\/index.php?rest_route=\/wp\/v2\/pages\/338\/revisions"}],"predecessor-version":[{"id":946,"href":"https:\/\/ptnktdtt-hanoi.edu.vn\/index.php?rest_route=\/wp\/v2\/pages\/338\/revisions\/946"}],"wp:attachment":[{"href":"https:\/\/ptnktdtt-hanoi.edu.vn\/index.php?rest_route=%2Fwp%2Fv2%2Fmedia&parent=338"}],"curies":[{"name":"wp","href":"https:\/\/api.w.org\/{rel}","templated":true}]}}