{"id":319,"date":"2025-02-06T02:17:57","date_gmt":"2025-02-06T02:17:57","guid":{"rendered":"https:\/\/truonghoc1.hmarketing.vn\/?page_id=319"},"modified":"2025-02-23T16:03:39","modified_gmt":"2025-02-23T09:03:39","slug":"tin-tuc-van-ban","status":"publish","type":"page","link":"https:\/\/ptnktdtt-hanoi.edu.vn\/?page_id=319","title":{"rendered":"Tin t\u1ee9c &#8211; V\u0103n b\u1ea3n"},"content":{"rendered":"\t<section class=\"section\" id=\"section_141131932\">\n\t\t<div class=\"bg section-bg fill bg-fill  bg-loaded\" >\n\n\t\t\t\n\t\t\t\n\t\t\t\n\n\t\t<\/div>\n\n\t\t\n\n\t\t<div class=\"section-content relative\">\n\t\t\t\n\t<div id=\"gap-299297597\" class=\"gap-element clearfix\" style=\"display:block; height:auto;\">\n\t\t\n<style>\n#gap-299297597 {\n  padding-top: 15px;\n}\n<\/style>\n\t<\/div>\n\t\n<div class=\"row row-small\"  id=\"row-639548285\">\n\n\t<div id=\"col-471715148\" class=\"col small-12 large-12\"  >\n\t\t\t\t<div class=\"col-inner\"  >\n\t\t\t\n\t\t\t\n<h2 class=\"uppercase\" style=\"margin: 0px;\"><span class=\"custom-title\">tin t\u1ee9c &#8211; V\u0103n b\u1ea3n<\/span><\/h2>\n<div id=\"gtx-trans\" style=\"position: absolute; left: -20px; top: -15px;\">\n<div class=\"gtx-trans-icon\">\u00a0<\/div>\n<\/div>\n\t\t<\/div>\n\t\t\t\t\t<\/div>\n\n\t\n<\/div>\n<div class=\"row\"  id=\"row-305338216\">\n\n\t<div id=\"col-1333127883\" class=\"col medium-8 small-12 large-8\"  >\n\t\t\t\t<div class=\"col-inner\"  >\n\t\t\t\n\t\t\t\n\t<div id=\"gap-820119882\" class=\"gap-element clearfix\" style=\"display:block; height:auto;\">\n\t\t\n<style>\n#gap-820119882 {\n  padding-top: 20px;\n}\n@media (min-width:550px) {\n  #gap-820119882 {\n    padding-top: 0px;\n  }\n}\n<\/style>\n\t<\/div>\n\t\n\n  \n    <div class=\"row large-columns-1 medium-columns-1 small-columns-1\">\n  <div class=\"col post-item\" >\n\t\t\t<div class=\"col-inner\">\n\t\t\t<a href=\"https:\/\/ptnktdtt-hanoi.edu.vn\/?p=3396\" class=\"plain\">\n\t\t\t\t<div class=\"box box-overlay dark box-text-bottom box-blog-post has-hover\">\n            \t\t\t\t\t<div class=\"box-image\" >\n  \t\t\t\t\t\t<div class=\"image-cover\" style=\"padding-top:58%;\">\n  \t\t\t\t\t\t\t<img loading=\"lazy\" decoding=\"async\" width=\"537\" height=\"719\" src=\"https:\/\/ptnktdtt-hanoi.edu.vn\/wp-content\/uploads\/2025\/02\/logo-1.jpg\" class=\"attachment-original size-original wp-post-image\" alt=\"\" srcset=\"https:\/\/ptnktdtt-hanoi.edu.vn\/wp-content\/uploads\/2025\/02\/logo-1.jpg 537w, https:\/\/ptnktdtt-hanoi.edu.vn\/wp-content\/uploads\/2025\/02\/logo-1-224x300.jpg 224w\" sizes=\"auto, (max-width: 537px) 100vw, 537px\" \/>  \t\t\t\t\t\t\t<div class=\"overlay\" style=\"background-color: rgba(0,0,0,.25)\"><\/div>  \t\t\t\t\t\t\t  \t\t\t\t\t\t<\/div>\n  \t\t\t\t\t\t  \t\t\t\t\t<\/div>\n          \t\t\t\t\t<div class=\"box-text text-center\" >\n\t\t\t\t\t<div class=\"box-text-inner blog-post-inner\">\n\n\t\t\t\t\t\n\t\t\t\t\t\t\t\t\t\t<h5 class=\"post-title is-large \">TUY\u1ec2N SINH B\u1ed4 SUNG H\u1eccC SINH H\u1eccC K\u1ef2 II N\u0102M H\u1eccC 2025-2026<\/h5>\n\t\t\t\t\t\t\t\t\t\t<div class=\"is-divider\"><\/div>\n\t\t\t\t\t\t\t\t\t\t<p class=\"from_the_blog_excerpt \">Nh\u00e0 tr\u01b0\u1eddng th\u00f4ng b\u00e1o tuy\u1ec3n sinh b\u1ed5 sung h\u1ecdc sinh h\u1ecdc k\u1ef3 II n\u0103m h\u1ecdc...\t\t\t\t\t<\/p>\n\t\t\t\t\t                    \n\t\t\t\t\t\n\t\t\t\t\t\n\t\t\t\t\t<\/div>\n\t\t\t\t\t<\/div>\n\t\t\t\t\t\t\t\t\t<\/div>\n\t\t\t\t<\/a>\n\t\t\t<\/div>\n\t\t<\/div><\/div>\n\t\t<\/div>\n\t\t\t\t\t<\/div>\n\n\t\n\n\t<div id=\"col-394447126\" class=\"col medium-4 small-12 large-4\"  >\n\t\t\t\t<div class=\"col-inner\"  >\n\t\t\t\n\t\t\t\n\n  \n    <div class=\"row large-columns-1 medium-columns-1 small-columns-1\">\n  <div class=\"col post-item\" >\n\t\t\t<div class=\"col-inner\">\n\t\t\t<a href=\"https:\/\/ptnktdtt-hanoi.edu.vn\/?p=3787\" class=\"plain\">\n\t\t\t\t<div class=\"box box-overlay dark box-text-bottom box-blog-post has-hover\">\n            \t\t\t\t\t<div class=\"box-image\" >\n  \t\t\t\t\t\t<div class=\"image-cover\" style=\"padding-top:56.25%;\">\n  \t\t\t\t\t\t\t<img loading=\"lazy\" decoding=\"async\" width=\"300\" height=\"169\" src=\"https:\/\/ptnktdtt-hanoi.edu.vn\/wp-content\/uploads\/2026\/04\/l12-300x169.jpg\" class=\"attachment-medium size-medium wp-post-image\" alt=\"\" srcset=\"https:\/\/ptnktdtt-hanoi.edu.vn\/wp-content\/uploads\/2026\/04\/l12-300x169.jpg 300w, https:\/\/ptnktdtt-hanoi.edu.vn\/wp-content\/uploads\/2026\/04\/l12-1024x576.jpg 1024w, https:\/\/ptnktdtt-hanoi.edu.vn\/wp-content\/uploads\/2026\/04\/l12-768x432.jpg 768w, https:\/\/ptnktdtt-hanoi.edu.vn\/wp-content\/uploads\/2026\/04\/l12-1536x864.jpg 1536w, https:\/\/ptnktdtt-hanoi.edu.vn\/wp-content\/uploads\/2026\/04\/l12-2048x1152.jpg 2048w\" sizes=\"auto, (max-width: 300px) 100vw, 300px\" \/>  \t\t\t\t\t\t\t<div class=\"overlay\" style=\"background-color: rgba(0,0,0,.25)\"><\/div>  \t\t\t\t\t\t\t  \t\t\t\t\t\t<\/div>\n  \t\t\t\t\t\t  \t\t\t\t\t<\/div>\n          \t\t\t\t\t<div class=\"box-text text-center\" >\n\t\t\t\t\t<div class=\"box-text-inner blog-post-inner\">\n\n\t\t\t\t\t\n\t\t\t\t\t\t\t\t\t\t<h5 class=\"post-title is-large \">H\u1ed8I KH\u1eceE S\u1ede V\u0102N H\u00d3A V\u00c0 TH\u1ec2 THAO H\u00c0 N\u1ed8I N\u0102M 2026<\/h5>\n\t\t\t\t\t\t\t\t\t\t<div class=\"is-divider\"><\/div>\n\t\t\t\t\t\t\t\t\t\t<p class=\"from_the_blog_excerpt \">TR\u01af\u1edcNG PH\u1ed4 TH\u00d4NG N\u0102NG KHI\u1ebeU TDTT H\u00c0 N\u1ed8I T\u1eceA S\u00c1NG T\u1ea0I H\u1ed8I KH\u1eceE S\u1ede V\u0102N...\t\t\t\t\t<\/p>\n\t\t\t\t\t                    \n\t\t\t\t\t\n\t\t\t\t\t\n\t\t\t\t\t<\/div>\n\t\t\t\t\t<\/div>\n\t\t\t\t\t\t\t\t\t<\/div>\n\t\t\t\t<\/a>\n\t\t\t<\/div>\n\t\t<\/div><div class=\"col post-item\" >\n\t\t\t<div class=\"col-inner\">\n\t\t\t<a href=\"https:\/\/ptnktdtt-hanoi.edu.vn\/?p=3716\" class=\"plain\">\n\t\t\t\t<div class=\"box box-overlay dark box-text-bottom box-blog-post has-hover\">\n            \t\t\t\t\t<div class=\"box-image\" >\n  \t\t\t\t\t\t<div class=\"image-cover\" style=\"padding-top:56.25%;\">\n  \t\t\t\t\t\t\t<img loading=\"lazy\" decoding=\"async\" width=\"300\" height=\"200\" src=\"https:\/\/ptnktdtt-hanoi.edu.vn\/wp-content\/uploads\/2026\/04\/TTC04487-1-300x200.jpg\" class=\"attachment-medium size-medium wp-post-image\" alt=\"\" srcset=\"https:\/\/ptnktdtt-hanoi.edu.vn\/wp-content\/uploads\/2026\/04\/TTC04487-1-300x200.jpg 300w, https:\/\/ptnktdtt-hanoi.edu.vn\/wp-content\/uploads\/2026\/04\/TTC04487-1-1024x683.jpg 1024w\" sizes=\"auto, (max-width: 300px) 100vw, 300px\" \/>  \t\t\t\t\t\t\t<div class=\"overlay\" style=\"background-color: rgba(0,0,0,.25)\"><\/div>  \t\t\t\t\t\t\t  \t\t\t\t\t\t<\/div>\n  \t\t\t\t\t\t  \t\t\t\t\t<\/div>\n          \t\t\t\t\t<div class=\"box-text text-center\" >\n\t\t\t\t\t<div class=\"box-text-inner blog-post-inner\">\n\n\t\t\t\t\t\n\t\t\t\t\t\t\t\t\t\t<h5 class=\"post-title is-large \">H\u00c0NH TR\u00ccNH T\u1ef0 H\u00c0O V\u00c0 TR\u1ea2I NGHI\u1ec6M<\/h5>\n\t\t\t\t\t\t\t\t\t\t<div class=\"is-divider\"><\/div>\n\t\t\t\t\t\t\t\t\t\t<p class=\"from_the_blog_excerpt \">T\u1ef0 H\u00c0O TR\u00cd TU\u1ec6 VI\u1ec6T &#8211; T\u1ea4M G\u01af\u01a0NG TH\u1ea6Y CHU V\u0102N AN Trong khu\u00f4n kh\u1ed5...\t\t\t\t\t<\/p>\n\t\t\t\t\t                    \n\t\t\t\t\t\n\t\t\t\t\t\n\t\t\t\t\t<\/div>\n\t\t\t\t\t<\/div>\n\t\t\t\t\t\t\t\t\t<\/div>\n\t\t\t\t<\/a>\n\t\t\t<\/div>\n\t\t<\/div><\/div>\n\t\t<\/div>\n\t\t\t\t\t<\/div>\n\n\t\n<\/div>\n<div class=\"row\"  id=\"row-338718017\">\n\n\t<div id=\"col-1975351294\" class=\"col small-12 large-12\"  >\n\t\t\t\t<div class=\"col-inner\"  >\n\t\t\t\n\t\t\t\n\n  \n    <div class=\"row large-columns-1 medium-columns-1 small-columns-1\">\n  <div class=\"col post-item\" >\n\t\t\t<div class=\"col-inner\">\n\t\t\t<a href=\"https:\/\/ptnktdtt-hanoi.edu.vn\/?p=3787\" class=\"plain\">\n\t\t\t\t<div class=\"box box-vertical box-text-bottom box-blog-post has-hover\">\n            \t\t\t\t\t<div class=\"box-image\" style=\"width:43%;\">\n  \t\t\t\t\t\t<div class=\"image-cover\" style=\"padding-top:89%;\">\n  \t\t\t\t\t\t\t<img loading=\"lazy\" decoding=\"async\" width=\"2560\" height=\"1440\" src=\"https:\/\/ptnktdtt-hanoi.edu.vn\/wp-content\/uploads\/2026\/04\/l12.jpg\" class=\"attachment-original size-original wp-post-image\" alt=\"\" srcset=\"https:\/\/ptnktdtt-hanoi.edu.vn\/wp-content\/uploads\/2026\/04\/l12.jpg 2560w, https:\/\/ptnktdtt-hanoi.edu.vn\/wp-content\/uploads\/2026\/04\/l12-300x169.jpg 300w, https:\/\/ptnktdtt-hanoi.edu.vn\/wp-content\/uploads\/2026\/04\/l12-1024x576.jpg 1024w, https:\/\/ptnktdtt-hanoi.edu.vn\/wp-content\/uploads\/2026\/04\/l12-768x432.jpg 768w, https:\/\/ptnktdtt-hanoi.edu.vn\/wp-content\/uploads\/2026\/04\/l12-1536x864.jpg 1536w, https:\/\/ptnktdtt-hanoi.edu.vn\/wp-content\/uploads\/2026\/04\/l12-2048x1152.jpg 2048w\" sizes=\"auto, (max-width: 2560px) 100vw, 2560px\" \/>  \t\t\t\t\t\t\t  \t\t\t\t\t\t\t  \t\t\t\t\t\t<\/div>\n  \t\t\t\t\t\t  \t\t\t\t\t<\/div>\n          \t\t\t\t\t<div class=\"box-text text-left\" >\n\t\t\t\t\t<div class=\"box-text-inner blog-post-inner\">\n\n\t\t\t\t\t\n\t\t\t\t\t\t\t\t\t\t<h5 class=\"post-title is-large \">H\u1ed8I KH\u1eceE S\u1ede V\u0102N H\u00d3A V\u00c0 TH\u1ec2 THAO H\u00c0 N\u1ed8I N\u0102M 2026<\/h5>\n\t\t\t\t\t\t\t\t\t\t<div class=\"is-divider\"><\/div>\n\t\t\t\t\t\t\t\t\t\t<p class=\"from_the_blog_excerpt \">TR\u01af\u1edcNG PH\u1ed4 TH\u00d4NG N\u0102NG KHI\u1ebeU TDTT H\u00c0 N\u1ed8I T\u1eceA S\u00c1NG T\u1ea0I H\u1ed8I KH\u1eceE S\u1ede V\u0102N H\u00d3A V\u00c0 TH\u1ec2 THAO H\u00c0 N\u1ed8I 2026 Ng\u00e0y 11\/4\/2026,\u00a0H\u1ed9i\u00a0kh\u1ecfe\u00a0S\u1edf\u00a0V\u0103n\u00a0h\u00f3a\u00a0v\u00e0\u00a0Th\u1ec3\u00a0thao\u00a0H\u00e0\u00a0N\u1ed9i\u00a0\u0111\u00e3\u00a0di\u1ec5n\u00a0ra\u00a0s\u00f4i\u00a0n\u1ed5i\u00a0t\u1ea1i\u00a0Cung\u00a0\u0111i\u1ec1n\u00a0kinh\u00a0trong\u00a0nh\u00e0\u00a0\u2013 Trung\u00a0t\u00e2m\u00a0Hu\u1ea5n\u00a0luy\u1ec7n\u00a0v\u00e0\u00a0Thi\u00a0\u0111\u1ea5u\u00a0Th\u1ec3\u00a0thao\u00a0H\u00e0\u00a0N\u1ed9i.\u00a0S\u1ef1 ki\u1ec7n thu\u00a0h\u00fat\u00a0\u0111\u00f4ng\u00a0\u0111\u1ea3o\u00a0c\u00e1n\u00a0b\u1ed9,\u00a0c\u00f4ng\u00a0ch\u1ee9c,\u00a0vi\u00ean\u00a0ch\u1ee9c\u00a0v\u00e0 ng\u01b0\u1eddi\u00a0lao\u00a0\u0111\u1ed9ng\u00a0tham\u00a0gia\u00a0thi\u00a0\u0111\u1ea5u\u00a0v\u00e0\u00a0c\u1ed5\u00a0v\u0169,\u00a0t\u1ea1o\u00a0n\u00ean\u00a0b\u1ea7u kh\u00f4ng kh\u00ed\u00a0h\u00e0o\u00a0h\u1ee9ng,\u00a0\u0111o\u00e0n\u00a0k\u1ebft\u00a0v\u00e0\u00a0\u0111\u1ea7y\u00a0n\u0103ng\u00a0l\u01b0\u1ee3ng. H\u1ed9i kh\u1ecfe n\u0103m nay quy t\u1ee5 g\u1ea7n 250 v\u1eadn \u0111\u1ed9ng vi\u00ean \u0111\u1ebfn t\u1eeb15 \u0111\u01a1n v\u1ecb tr\u1ef1c thu\u1ed9c S\u1edf, tranh t\u00e0i...\t\t\t\t\t<\/p>\n\t\t\t\t\t                    \n\t\t\t\t\t\n\t\t\t\t\t\n\t\t\t\t\t<\/div>\n\t\t\t\t\t<\/div>\n\t\t\t\t\t\t\t\t\t<\/div>\n\t\t\t\t<\/a>\n\t\t\t<\/div>\n\t\t<\/div><div class=\"col post-item\" >\n\t\t\t<div class=\"col-inner\">\n\t\t\t<a href=\"https:\/\/ptnktdtt-hanoi.edu.vn\/?p=3716\" class=\"plain\">\n\t\t\t\t<div class=\"box box-vertical box-text-bottom box-blog-post has-hover\">\n            \t\t\t\t\t<div class=\"box-image\" style=\"width:43%;\">\n  \t\t\t\t\t\t<div class=\"image-cover\" style=\"padding-top:89%;\">\n  \t\t\t\t\t\t\t<img loading=\"lazy\" decoding=\"async\" width=\"2560\" height=\"1707\" src=\"https:\/\/ptnktdtt-hanoi.edu.vn\/wp-content\/uploads\/2026\/04\/TTC04487-1-scaled.jpg\" class=\"attachment-original size-original wp-post-image\" alt=\"\" srcset=\"https:\/\/ptnktdtt-hanoi.edu.vn\/wp-content\/uploads\/2026\/04\/TTC04487-1-scaled.jpg 2560w, https:\/\/ptnktdtt-hanoi.edu.vn\/wp-content\/uploads\/2026\/04\/TTC04487-1-300x200.jpg 300w, https:\/\/ptnktdtt-hanoi.edu.vn\/wp-content\/uploads\/2026\/04\/TTC04487-1-1024x683.jpg 1024w\" sizes=\"auto, (max-width: 2560px) 100vw, 2560px\" \/>  \t\t\t\t\t\t\t  \t\t\t\t\t\t\t  \t\t\t\t\t\t<\/div>\n  \t\t\t\t\t\t  \t\t\t\t\t<\/div>\n          \t\t\t\t\t<div class=\"box-text text-left\" >\n\t\t\t\t\t<div class=\"box-text-inner blog-post-inner\">\n\n\t\t\t\t\t\n\t\t\t\t\t\t\t\t\t\t<h5 class=\"post-title is-large \">H\u00c0NH TR\u00ccNH T\u1ef0 H\u00c0O V\u00c0 TR\u1ea2I NGHI\u1ec6M<\/h5>\n\t\t\t\t\t\t\t\t\t\t<div class=\"is-divider\"><\/div>\n\t\t\t\t\t\t\t\t\t\t<p class=\"from_the_blog_excerpt \">T\u1ef0 H\u00c0O TR\u00cd TU\u1ec6 VI\u1ec6T &#8211; T\u1ea4M G\u01af\u01a0NG TH\u1ea6Y CHU V\u0102N AN Trong khu\u00f4n kh\u1ed5 Ch\u01b0\u01a1ng tr\u00ecnh tr\u1ea3i nghi\u1ec7m ngo\u1ea1i kh\u00f3a H\u1ecdc k\u1ef3 II n\u0103m h\u1ecdc 2025 &#8211; 2026, ng\u00e0y 04\/4\/2026, h\u1ecdc sinh Tr\u01b0\u1eddng Ph\u1ed5 th\u00f4ng N\u0103ng khi\u1ebfu Th\u1ec3 d\u1ee5c Th\u1ec3 thao H\u00e0 N\u1ed9i \u0111\u00e3 c\u00f3 m\u1ed9t h\u00e0nh tr\u00ecnh h\u1ecdc...\t\t\t\t\t<\/p>\n\t\t\t\t\t                    \n\t\t\t\t\t\n\t\t\t\t\t\n\t\t\t\t\t<\/div>\n\t\t\t\t\t<\/div>\n\t\t\t\t\t\t\t\t\t<\/div>\n\t\t\t\t<\/a>\n\t\t\t<\/div>\n\t\t<\/div><div class=\"col post-item\" >\n\t\t\t<div class=\"col-inner\">\n\t\t\t<a href=\"https:\/\/ptnktdtt-hanoi.edu.vn\/?p=3714\" class=\"plain\">\n\t\t\t\t<div class=\"box box-vertical box-text-bottom box-blog-post has-hover\">\n            \t\t\t\t\t<div class=\"box-image\" style=\"width:43%;\">\n  \t\t\t\t\t\t<div class=\"image-cover\" style=\"padding-top:89%;\">\n  \t\t\t\t\t\t\t<img loading=\"lazy\" decoding=\"async\" width=\"662\" height=\"839\" src=\"https:\/\/ptnktdtt-hanoi.edu.vn\/wp-content\/uploads\/2025\/02\/logo-1-Photoroom-1.png\" class=\"attachment-original size-original wp-post-image\" alt=\"\" srcset=\"https:\/\/ptnktdtt-hanoi.edu.vn\/wp-content\/uploads\/2025\/02\/logo-1-Photoroom-1.png 662w, https:\/\/ptnktdtt-hanoi.edu.vn\/wp-content\/uploads\/2025\/02\/logo-1-Photoroom-1-237x300.png 237w\" sizes=\"auto, (max-width: 662px) 100vw, 662px\" \/>  \t\t\t\t\t\t\t  \t\t\t\t\t\t\t  \t\t\t\t\t\t<\/div>\n  \t\t\t\t\t\t  \t\t\t\t\t<\/div>\n          \t\t\t\t\t<div class=\"box-text text-left\" >\n\t\t\t\t\t<div class=\"box-text-inner blog-post-inner\">\n\n\t\t\t\t\t\n\t\t\t\t\t\t\t\t\t\t<h5 class=\"post-title is-large \">K\u1ebe HO\u1ea0CH TUY\u1ec2N SINH N\u0102M H\u1eccC 2026-2027<\/h5>\n\t\t\t\t\t\t\t\t\t\t<div class=\"is-divider\"><\/div>\n\t\t\t\t\t\t\t\t\t\t<p class=\"from_the_blog_excerpt \">Nh\u00e0 tr\u01b0\u1eddng ban h\u00e0nh K\u1ebf ho\u1ea1ch Tuy\u1ec3n sinh n\u0103m h\u1ecdc 2026-2027. Chi ti\u1ebft xem t\u1ea1i \u0111\u00e2y: https:\/\/drive.google.com\/file\/d\/1tQUSxk7RPCGbP6jJyRu8m-F6Abd1PEq5\/view?usp=drive_link...\t\t\t\t\t<\/p>\n\t\t\t\t\t                    \n\t\t\t\t\t\n\t\t\t\t\t\n\t\t\t\t\t<\/div>\n\t\t\t\t\t<\/div>\n\t\t\t\t\t\t\t\t\t<\/div>\n\t\t\t\t<\/a>\n\t\t\t<\/div>\n\t\t<\/div><div class=\"col post-item\" >\n\t\t\t<div class=\"col-inner\">\n\t\t\t<a href=\"https:\/\/ptnktdtt-hanoi.edu.vn\/?p=3640\" class=\"plain\">\n\t\t\t\t<div class=\"box box-vertical box-text-bottom box-blog-post has-hover\">\n            \t\t\t\t\t<div class=\"box-image\" style=\"width:43%;\">\n  \t\t\t\t\t\t<div class=\"image-cover\" style=\"padding-top:89%;\">\n  \t\t\t\t\t\t\t<img loading=\"lazy\" decoding=\"async\" width=\"2560\" height=\"1920\" src=\"https:\/\/ptnktdtt-hanoi.edu.vn\/wp-content\/uploads\/2026\/03\/m13.jpg\" class=\"attachment-original size-original wp-post-image\" alt=\"\" srcset=\"https:\/\/ptnktdtt-hanoi.edu.vn\/wp-content\/uploads\/2026\/03\/m13.jpg 2560w, https:\/\/ptnktdtt-hanoi.edu.vn\/wp-content\/uploads\/2026\/03\/m13-300x225.jpg 300w, https:\/\/ptnktdtt-hanoi.edu.vn\/wp-content\/uploads\/2026\/03\/m13-1024x768.jpg 1024w, https:\/\/ptnktdtt-hanoi.edu.vn\/wp-content\/uploads\/2026\/03\/m13-768x576.jpg 768w, https:\/\/ptnktdtt-hanoi.edu.vn\/wp-content\/uploads\/2026\/03\/m13-1536x1152.jpg 1536w, https:\/\/ptnktdtt-hanoi.edu.vn\/wp-content\/uploads\/2026\/03\/m13-2048x1536.jpg 2048w\" sizes=\"auto, (max-width: 2560px) 100vw, 2560px\" \/>  \t\t\t\t\t\t\t  \t\t\t\t\t\t\t  \t\t\t\t\t\t<\/div>\n  \t\t\t\t\t\t  \t\t\t\t\t<\/div>\n          \t\t\t\t\t<div class=\"box-text text-left\" >\n\t\t\t\t\t<div class=\"box-text-inner blog-post-inner\">\n\n\t\t\t\t\t\n\t\t\t\t\t\t\t\t\t\t<h5 class=\"post-title is-large \">L\u1ec4 K\u1ef6 NI\u1ec6M 95 N\u0102M NG\u00c0Y TH\u00c0NH L\u1eacP \u0110O\u00c0N TNCS H\u1ed2 CH\u00cd MINH V\u00c0 80 N\u0102M NG\u00c0Y TRUY\u1ec0N TH\u1ed0NG TH\u1ec2 THAO VI\u1ec6T NAM<\/h5>\n\t\t\t\t\t\t\t\t\t\t<div class=\"is-divider\"><\/div>\n\t\t\t\t\t\t\t\t\t\t<p class=\"from_the_blog_excerpt \">TU\u1ed4I TR\u1eba TR\u01af\u1edcNG PH\u1ed4 TH\u00d4NG N\u0102NG KHI\u1ebeU TH\u1ec2 D\u1ee4C TH\u1ec2 THAO H\u00c0 N\u1ed8I\u2013 KH\u00c1T V\u1eccNG V\u01af\u01a0N XA Chi\u1ec1u ng\u00e0y 26\/3\/2026, trong kh\u00f4ng kh\u00ed r\u1ed9n r\u00e0ng v\u00e0 \u0111\u1ea7y nhi\u1ec7t huy\u1ebft c\u1ee7a th\u00e1ng Thanh ni\u00ean, Tr\u01b0\u1eddng Ph\u1ed5 th\u00f4ng N\u0103ng khi\u1ebfu Th\u1ec3 d\u1ee5c Th\u1ec3 thao \u0111\u00e3 long tr\u1ecdng t\u1ed5 ch\u1ee9c chu\u1ed7i ho\u1ea1t \u0111\u1ed9ng...\t\t\t\t\t<\/p>\n\t\t\t\t\t                    \n\t\t\t\t\t\n\t\t\t\t\t\n\t\t\t\t\t<\/div>\n\t\t\t\t\t<\/div>\n\t\t\t\t\t\t\t\t\t<\/div>\n\t\t\t\t<\/a>\n\t\t\t<\/div>\n\t\t<\/div><div class=\"col post-item\" >\n\t\t\t<div class=\"col-inner\">\n\t\t\t<a href=\"https:\/\/ptnktdtt-hanoi.edu.vn\/?p=3605\" class=\"plain\">\n\t\t\t\t<div class=\"box box-vertical box-text-bottom box-blog-post has-hover\">\n            \t\t\t\t\t<div class=\"box-image\" style=\"width:43%;\">\n  \t\t\t\t\t\t<div class=\"image-cover\" style=\"padding-top:89%;\">\n  \t\t\t\t\t\t\t<img loading=\"lazy\" decoding=\"async\" width=\"512\" height=\"512\" src=\"https:\/\/ptnktdtt-hanoi.edu.vn\/wp-content\/uploads\/2025\/02\/cropped-logo-1-1.png\" class=\"attachment-original size-original wp-post-image\" alt=\"\" srcset=\"https:\/\/ptnktdtt-hanoi.edu.vn\/wp-content\/uploads\/2025\/02\/cropped-logo-1-1.png 512w, https:\/\/ptnktdtt-hanoi.edu.vn\/wp-content\/uploads\/2025\/02\/cropped-logo-1-1-300x300.png 300w, https:\/\/ptnktdtt-hanoi.edu.vn\/wp-content\/uploads\/2025\/02\/cropped-logo-1-1-150x150.png 150w, https:\/\/ptnktdtt-hanoi.edu.vn\/wp-content\/uploads\/2025\/02\/cropped-logo-1-1-270x270.png 270w, https:\/\/ptnktdtt-hanoi.edu.vn\/wp-content\/uploads\/2025\/02\/cropped-logo-1-1-192x192.png 192w, https:\/\/ptnktdtt-hanoi.edu.vn\/wp-content\/uploads\/2025\/02\/cropped-logo-1-1-180x180.png 180w, https:\/\/ptnktdtt-hanoi.edu.vn\/wp-content\/uploads\/2025\/02\/cropped-logo-1-1-32x32.png 32w\" sizes=\"auto, (max-width: 512px) 100vw, 512px\" \/>  \t\t\t\t\t\t\t  \t\t\t\t\t\t\t  \t\t\t\t\t\t<\/div>\n  \t\t\t\t\t\t  \t\t\t\t\t<\/div>\n          \t\t\t\t\t<div class=\"box-text text-left\" >\n\t\t\t\t\t<div class=\"box-text-inner blog-post-inner\">\n\n\t\t\t\t\t\n\t\t\t\t\t\t\t\t\t\t<h5 class=\"post-title is-large \">QUY\u1ebeT \u0110\u1ecaNH B\u1ed4 SUNG H\u1eccC B\u1ed4NG KK H\u1eccC T\u1eacP<\/h5>\n\t\t\t\t\t\t\t\t\t\t<div class=\"is-divider\"><\/div>\n\t\t\t\t\t\t\t\t\t\t<p class=\"from_the_blog_excerpt \">Nh\u00e0 tr\u01b0\u1eddng th\u00f4ng b\u00e1o Quy\u1ebft \u0111\u1ecbnh b\u1ed5 sung H\u1ecdc b\u1ed5ng Khuy\u1ebfn kh\u00edch h\u1ecdc t\u1eadp H\u1ecdc k\u1ef3 I v\u00e0 H\u1ecdc k\u1ef3 II n\u0103m h\u1ecdc 2024-2025. Xem chi ti\u1ebft t\u1ea1i \u0111\u00e2y:...\t\t\t\t\t<\/p>\n\t\t\t\t\t                    \n\t\t\t\t\t\n\t\t\t\t\t\n\t\t\t\t\t<\/div>\n\t\t\t\t\t<\/div>\n\t\t\t\t\t\t\t\t\t<\/div>\n\t\t\t\t<\/a>\n\t\t\t<\/div>\n\t\t<\/div><\/div>\n\t\t<\/div>\n\t\t\t\t\t<\/div>\n\n\t\n<\/div>\n\t\t<\/div>\n\n\t\t\n<style>\n#section_141131932 {\n  padding-top: 0px;\n  padding-bottom: 0px;\n}\n#section_141131932 .ux-shape-divider--top svg {\n  height: 150px;\n  --divider-top-width: 100%;\n}\n#section_141131932 .ux-shape-divider--bottom svg {\n  height: 150px;\n  --divider-width: 100%;\n}\n@media (min-width:550px) {\n  #section_141131932 {\n    padding-top: 30px;\n    padding-bottom: 30px;\n  }\n}\n<\/style>\n\t<\/section>\n\t\n","protected":false},"excerpt":{"rendered":"","protected":false},"author":1,"featured_media":0,"parent":0,"menu_order":0,"comment_status":"closed","ping_status":"closed","template":"page-blank.php","meta":{"footnotes":""},"class_list":["post-319","page","type-page","status-publish","hentry"],"_links":{"self":[{"href":"https:\/\/ptnktdtt-hanoi.edu.vn\/index.php?rest_route=\/wp\/v2\/pages\/319","targetHints":{"allow":["GET"]}}],"collection":[{"href":"https:\/\/ptnktdtt-hanoi.edu.vn\/index.php?rest_route=\/wp\/v2\/pages"}],"about":[{"href":"https:\/\/ptnktdtt-hanoi.edu.vn\/index.php?rest_route=\/wp\/v2\/types\/page"}],"author":[{"embeddable":true,"href":"https:\/\/ptnktdtt-hanoi.edu.vn\/index.php?rest_route=\/wp\/v2\/users\/1"}],"replies":[{"embeddable":true,"href":"https:\/\/ptnktdtt-hanoi.edu.vn\/index.php?rest_route=%2Fwp%2Fv2%2Fcomments&post=319"}],"version-history":[{"count":7,"href":"https:\/\/ptnktdtt-hanoi.edu.vn\/index.php?rest_route=\/wp\/v2\/pages\/319\/revisions"}],"predecessor-version":[{"id":943,"href":"https:\/\/ptnktdtt-hanoi.edu.vn\/index.php?rest_route=\/wp\/v2\/pages\/319\/revisions\/943"}],"wp:attachment":[{"href":"https:\/\/ptnktdtt-hanoi.edu.vn\/index.php?rest_route=%2Fwp%2Fv2%2Fmedia&parent=319"}],"curies":[{"name":"wp","href":"https:\/\/api.w.org\/{rel}","templated":true}]}}