{"id":290,"date":"2025-02-06T02:08:54","date_gmt":"2025-02-06T02:08:54","guid":{"rendered":"https:\/\/truonghoc1.hmarketing.vn\/?page_id=290"},"modified":"2025-02-23T15:28:50","modified_gmt":"2025-02-23T08:28:50","slug":"hoat-dong-cua-giao-vien","status":"publish","type":"page","link":"https:\/\/ptnktdtt-hanoi.edu.vn\/?page_id=290","title":{"rendered":"Ho\u1ea1t \u0111\u1ed9ng c\u1ee7a gi\u00e1o vi\u00ean"},"content":{"rendered":"\t<section class=\"section\" id=\"section_547726877\">\n\t\t<div class=\"bg section-bg fill bg-fill  bg-loaded\" >\n\n\t\t\t\n\t\t\t\n\t\t\t\n\n\t\t<\/div>\n\n\t\t\n\n\t\t<div class=\"section-content relative\">\n\t\t\t\n\t<div id=\"gap-1039483627\" class=\"gap-element clearfix\" style=\"display:block; height:auto;\">\n\t\t\n<style>\n#gap-1039483627 {\n  padding-top: 15px;\n}\n<\/style>\n\t<\/div>\n\t\n<div class=\"row row-small\"  id=\"row-1219309347\">\n\n\t<div id=\"col-659052848\" class=\"col small-12 large-12\"  >\n\t\t\t\t<div class=\"col-inner\"  >\n\t\t\t\n\t\t\t\n<h2 class=\"uppercase\" style=\"margin: 0px;\"><span class=\"custom-title\">ho\u1ea1t \u0111\u1ed9ng c\u1ee7a gi\u00e1o vi\u00ean<\/span><\/h2>\n<div id=\"gtx-trans\" style=\"position: absolute; left: 13px; top: -15px;\">\n<div class=\"gtx-trans-icon\">\u00a0<\/div>\n<\/div>\n\t\t<\/div>\n\t\t\t\t\t<\/div>\n\n\t\n<\/div>\n<div class=\"row\"  id=\"row-970816930\">\n\n\t<div id=\"col-537823621\" class=\"col small-12 large-12\"  >\n\t\t\t\t<div class=\"col-inner\"  >\n\t\t\t\n\t\t\t\n\t<div id=\"gap-1321738443\" class=\"gap-element clearfix\" style=\"display:block; height:auto;\">\n\t\t\n<style>\n#gap-1321738443 {\n  padding-top: 30px;\n}\n<\/style>\n\t<\/div>\n\t\n\n  \n    <div class=\"row large-columns-1 medium-columns-1 small-columns-1\">\n  <div class=\"col post-item\" >\n\t\t\t<div class=\"col-inner\">\n\t\t\t<a href=\"https:\/\/ptnktdtt-hanoi.edu.vn\/?p=863\" class=\"plain\">\n\t\t\t\t<div class=\"box box-vertical box-text-bottom box-blog-post has-hover\">\n            \t\t\t\t\t<div class=\"box-image\" style=\"width:43%;\">\n  \t\t\t\t\t\t<div class=\"image-cover\" style=\"padding-top:89%;\">\n  \t\t\t\t\t\t\t<img loading=\"lazy\" decoding=\"async\" width=\"500\" height=\"280\" src=\"https:\/\/ptnktdtt-hanoi.edu.vn\/wp-content\/uploads\/2025\/02\/image33.jpg\" class=\"attachment-original size-original wp-post-image\" alt=\"\" srcset=\"https:\/\/ptnktdtt-hanoi.edu.vn\/wp-content\/uploads\/2025\/02\/image33.jpg 500w, https:\/\/ptnktdtt-hanoi.edu.vn\/wp-content\/uploads\/2025\/02\/image33-300x168.jpg 300w\" sizes=\"auto, (max-width: 500px) 100vw, 500px\" \/>  \t\t\t\t\t\t\t  \t\t\t\t\t\t\t  \t\t\t\t\t\t<\/div>\n  \t\t\t\t\t\t  \t\t\t\t\t<\/div>\n          \t\t\t\t\t<div class=\"box-text text-left\" >\n\t\t\t\t\t<div class=\"box-text-inner blog-post-inner\">\n\n\t\t\t\t\t\n\t\t\t\t\t\t\t\t\t\t<h5 class=\"post-title is-large \">C\u00e1c v\u1eadn \u0111\u1ed9ng vi\u00ean ti\u00eau bi\u1ec3u tr\u01b0\u1eddng ph\u1ed5 th\u00f4ng n\u0103ng khi\u1ebfu th\u1ec3 d\u1ee5c th\u1ec3 thao H\u00e0 N\u1ed9i<\/h5>\n\t\t\t\t\t\t\t\t\t\t<div class=\"is-divider\"><\/div>\n\t\t\t\t\t\t\t\t\t\t<p class=\"from_the_blog_excerpt \">Sinh n\u0103m: 1979 H\u1ecdc t\u1ea1i\u00a0 tr\u01b0\u1eddng kh\u00f3a: 1992 &#8211; 1997 \u00a0 \u00a0 Th\u00e0nh t\u00edch n\u1ed5i b\u1eadt nh\u1ea5t: 7 huy ch\u01b0\u01a1ng v\u00e0ng th\u1ebf gi\u1edbi, 2 huy ch\u01b0\u01a1ng v\u00e0ng ch\u00e2u \u00c1, 2 huy ch\u01b0\u01a1ng v\u00e0ng \u0110\u00f4ng Nam \u00c1, v\u00e0 l\u00e0 v\u1eadn \u0111\u1ed9ng vi\u00ean\u00a0Whusu \u00a0gi\u00e0nh nhi\u1ec1u huy ch\u01b0\u01a1ng v\u00e0ng nh\u1ea5t t\u1ea1i c\u00e1c k\u1ef3\u00a0SEA...\t\t\t\t\t<\/p>\n\t\t\t\t\t                    \n\t\t\t\t\t\n\t\t\t\t\t\n\t\t\t\t\t<\/div>\n\t\t\t\t\t<\/div>\n\t\t\t\t\t\t\t\t\t<\/div>\n\t\t\t\t<\/a>\n\t\t\t<\/div>\n\t\t<\/div><div class=\"col post-item\" >\n\t\t\t<div class=\"col-inner\">\n\t\t\t<a href=\"https:\/\/ptnktdtt-hanoi.edu.vn\/?p=695\" class=\"plain\">\n\t\t\t\t<div class=\"box box-vertical box-text-bottom box-blog-post has-hover\">\n            \t\t\t\t\t<div class=\"box-image\" style=\"width:43%;\">\n  \t\t\t\t\t\t<div class=\"image-cover\" style=\"padding-top:89%;\">\n  \t\t\t\t\t\t\t<img loading=\"lazy\" decoding=\"async\" width=\"1244\" height=\"809\" src=\"https:\/\/ptnktdtt-hanoi.edu.vn\/wp-content\/uploads\/2025\/02\/467021249_1134255162038880_6839095906086418537_n.jpg\" class=\"attachment-original size-original wp-post-image\" alt=\"\" srcset=\"https:\/\/ptnktdtt-hanoi.edu.vn\/wp-content\/uploads\/2025\/02\/467021249_1134255162038880_6839095906086418537_n.jpg 1244w, https:\/\/ptnktdtt-hanoi.edu.vn\/wp-content\/uploads\/2025\/02\/467021249_1134255162038880_6839095906086418537_n-300x195.jpg 300w, https:\/\/ptnktdtt-hanoi.edu.vn\/wp-content\/uploads\/2025\/02\/467021249_1134255162038880_6839095906086418537_n-1024x666.jpg 1024w, https:\/\/ptnktdtt-hanoi.edu.vn\/wp-content\/uploads\/2025\/02\/467021249_1134255162038880_6839095906086418537_n-768x499.jpg 768w\" sizes=\"auto, (max-width: 1244px) 100vw, 1244px\" \/>  \t\t\t\t\t\t\t  \t\t\t\t\t\t\t  \t\t\t\t\t\t<\/div>\n  \t\t\t\t\t\t  \t\t\t\t\t<\/div>\n          \t\t\t\t\t<div class=\"box-text text-left\" >\n\t\t\t\t\t<div class=\"box-text-inner blog-post-inner\">\n\n\t\t\t\t\t\n\t\t\t\t\t\t\t\t\t\t<h5 class=\"post-title is-large \">H\u1ed9i thi &#8220;Gi\u00e1o vi\u00ean gi\u1ecfi c\u1ea5p tr\u01b0\u1eddng&#8221; n\u0103m 2024 c\u1ee7a Tr\u01b0\u1eddng Ph\u1ed5 th\u00f4ng n\u0103ng khi\u1ebfu Th\u1ec3 d\u1ee5c th\u1ec3 thao H\u00e0 N\u1ed9i<\/h5>\n\t\t\t\t\t\t\t\t\t\t<div class=\"is-divider\"><\/div>\n\t\t\t\t\t\t\t\t\t\t<p class=\"from_the_blog_excerpt \">H\u00f2a chung kh\u00f4ng kh\u00ed h\u00e2n hoan ch\u00e0o m\u1eebng 42 n\u0103m ng\u00e0y Nh\u00e0 gi\u00e1o Vi\u1ec7t Nam (20\/11\/1982 &#8211; 20\/11\/2024) v\u00e0 nh\u00e2n d\u1ecbp k\u1ef7 ni\u1ec7m 70 n\u0103m ng\u00e0nh Gi\u00e1o d\u1ee5c Th\u1ee7 \u0111\u00f4 (1954-2024), Tr\u01b0\u1eddng Ph\u1ed5 th\u00f4ng n\u0103ng khi\u1ebfu Th\u1ec3 d\u1ee5c th\u1ec3 thao H\u00e0 N\u1ed9i \u0111\u00e3 t\u1ed5 ch\u1ee9c H\u1ed9i thi \u201cGi\u00e1o vi\u00ean gi\u1ecfi...\t\t\t\t\t<\/p>\n\t\t\t\t\t                    \n\t\t\t\t\t\n\t\t\t\t\t\n\t\t\t\t\t<\/div>\n\t\t\t\t\t<\/div>\n\t\t\t\t\t\t\t\t\t<\/div>\n\t\t\t\t<\/a>\n\t\t\t<\/div>\n\t\t<\/div><div class=\"col post-item\" >\n\t\t\t<div class=\"col-inner\">\n\t\t\t<a href=\"https:\/\/ptnktdtt-hanoi.edu.vn\/?p=692\" class=\"plain\">\n\t\t\t\t<div class=\"box box-vertical box-text-bottom box-blog-post has-hover\">\n            \t\t\t\t\t<div class=\"box-image\" style=\"width:43%;\">\n  \t\t\t\t\t\t<div class=\"image-cover\" style=\"padding-top:89%;\">\n  \t\t\t\t\t\t\t<img loading=\"lazy\" decoding=\"async\" width=\"1280\" height=\"960\" src=\"https:\/\/ptnktdtt-hanoi.edu.vn\/wp-content\/uploads\/2025\/02\/404639435_859618276169238_8982732337868779567_n.jpg\" class=\"attachment-original size-original wp-post-image\" alt=\"\" srcset=\"https:\/\/ptnktdtt-hanoi.edu.vn\/wp-content\/uploads\/2025\/02\/404639435_859618276169238_8982732337868779567_n.jpg 1280w, https:\/\/ptnktdtt-hanoi.edu.vn\/wp-content\/uploads\/2025\/02\/404639435_859618276169238_8982732337868779567_n-300x225.jpg 300w, https:\/\/ptnktdtt-hanoi.edu.vn\/wp-content\/uploads\/2025\/02\/404639435_859618276169238_8982732337868779567_n-1024x768.jpg 1024w, https:\/\/ptnktdtt-hanoi.edu.vn\/wp-content\/uploads\/2025\/02\/404639435_859618276169238_8982732337868779567_n-768x576.jpg 768w\" sizes=\"auto, (max-width: 1280px) 100vw, 1280px\" \/>  \t\t\t\t\t\t\t  \t\t\t\t\t\t\t  \t\t\t\t\t\t<\/div>\n  \t\t\t\t\t\t  \t\t\t\t\t<\/div>\n          \t\t\t\t\t<div class=\"box-text text-left\" >\n\t\t\t\t\t<div class=\"box-text-inner blog-post-inner\">\n\n\t\t\t\t\t\n\t\t\t\t\t\t\t\t\t\t<h5 class=\"post-title is-large \">Cu\u1ed9c thi \u201cT\u00ecm hi\u1ec3u ki\u1ebfn th\u1ee9c ph\u00e1p lu\u1eadt\u201d c\u1ee5m tr\u01b0\u1eddng thpt B\u1eafc &#8211; Nam T\u1eeb Li\u00eam n\u0103m 2023<\/h5>\n\t\t\t\t\t\t\t\t\t\t<div class=\"is-divider\"><\/div>\n\t\t\t\t\t\t\t\t\t\t<p class=\"from_the_blog_excerpt \">Th\u1ef1c hi\u1ec7n K\u1ebf ho\u1ea1ch s\u1ed1 3886\/KH-SGDDT ng\u00e0y 20 th\u00e1ng 10 n\u0103m 2023 c\u1ee7a S\u1edf Gi\u00e1o d\u1ee5c v\u00e0 \u0110\u00e0o t\u1ea1o H\u00e0 N\u1ed9i v\u1ec1 t\u1ed5 ch\u1ee9c ngo\u1ea1i kho\u00e1 thi t\u00ecm hi\u1ec3u ki\u1ebfn th\u1ee9c Ph\u00e1p lu\u1eadt d\u00e0nh cho h\u1ecdc sinh THPT n\u0103m 2023, ng\u00e0y 25\/11\/2023 C\u1ee5m c\u00e1c tr\u01b0\u1eddng B\u1eafc &#8211; Nam T\u1eeb Li\u00eam...\t\t\t\t\t<\/p>\n\t\t\t\t\t                    \n\t\t\t\t\t\n\t\t\t\t\t\n\t\t\t\t\t<\/div>\n\t\t\t\t\t<\/div>\n\t\t\t\t\t\t\t\t\t<\/div>\n\t\t\t\t<\/a>\n\t\t\t<\/div>\n\t\t<\/div><\/div>\n\t\t<\/div>\n\t\t\t\t\t<\/div>\n\n\t\n<\/div>\n\t\t<\/div>\n\n\t\t\n<style>\n#section_547726877 {\n  padding-top: 0px;\n  padding-bottom: 0px;\n}\n#section_547726877 .ux-shape-divider--top svg {\n  height: 150px;\n  --divider-top-width: 100%;\n}\n#section_547726877 .ux-shape-divider--bottom svg {\n  height: 150px;\n  --divider-width: 100%;\n}\n@media (min-width:550px) {\n  #section_547726877 {\n    padding-top: 30px;\n    padding-bottom: 30px;\n  }\n}\n<\/style>\n\t<\/section>\n\t\n","protected":false},"excerpt":{"rendered":"","protected":false},"author":1,"featured_media":0,"parent":0,"menu_order":0,"comment_status":"closed","ping_status":"closed","template":"page-blank.php","meta":{"footnotes":""},"class_list":["post-290","page","type-page","status-publish","hentry"],"_links":{"self":[{"href":"https:\/\/ptnktdtt-hanoi.edu.vn\/index.php?rest_route=\/wp\/v2\/pages\/290","targetHints":{"allow":["GET"]}}],"collection":[{"href":"https:\/\/ptnktdtt-hanoi.edu.vn\/index.php?rest_route=\/wp\/v2\/pages"}],"about":[{"href":"https:\/\/ptnktdtt-hanoi.edu.vn\/index.php?rest_route=\/wp\/v2\/types\/page"}],"author":[{"embeddable":true,"href":"https:\/\/ptnktdtt-hanoi.edu.vn\/index.php?rest_route=\/wp\/v2\/users\/1"}],"replies":[{"embeddable":true,"href":"https:\/\/ptnktdtt-hanoi.edu.vn\/index.php?rest_route=%2Fwp%2Fv2%2Fcomments&post=290"}],"version-history":[{"count":7,"href":"https:\/\/ptnktdtt-hanoi.edu.vn\/index.php?rest_route=\/wp\/v2\/pages\/290\/revisions"}],"predecessor-version":[{"id":911,"href":"https:\/\/ptnktdtt-hanoi.edu.vn\/index.php?rest_route=\/wp\/v2\/pages\/290\/revisions\/911"}],"wp:attachment":[{"href":"https:\/\/ptnktdtt-hanoi.edu.vn\/index.php?rest_route=%2Fwp%2Fv2%2Fmedia&parent=290"}],"curies":[{"name":"wp","href":"https:\/\/api.w.org\/{rel}","templated":true}]}}