{"id":250,"date":"2025-02-05T16:10:36","date_gmt":"2025-02-05T16:10:36","guid":{"rendered":"https:\/\/truonghoc1.hmarketing.vn\/?page_id=250"},"modified":"2025-02-23T15:54:19","modified_gmt":"2025-02-23T08:54:19","slug":"truyen-thong-nha-truong","status":"publish","type":"page","link":"https:\/\/ptnktdtt-hanoi.edu.vn\/?page_id=250","title":{"rendered":"Truy\u1ec1n th\u1ed1ng nh\u00e0 tr\u01b0\u1eddng"},"content":{"rendered":"\t<section class=\"section\" id=\"section_208070517\">\n\t\t<div class=\"bg section-bg fill bg-fill  bg-loaded\" >\n\n\t\t\t\n\t\t\t\n\t\t\t\n\n\t\t<\/div>\n\n\t\t\n\n\t\t<div class=\"section-content relative\">\n\t\t\t\n\t<div id=\"gap-1950922935\" class=\"gap-element clearfix\" style=\"display:block; height:auto;\">\n\t\t\n<style>\n#gap-1950922935 {\n  padding-top: 15px;\n}\n<\/style>\n\t<\/div>\n\t\n<div class=\"row row-small\"  id=\"row-475141986\">\n\n\t<div id=\"col-100955857\" class=\"col small-12 large-12\"  >\n\t\t\t\t<div class=\"col-inner\"  >\n\t\t\t\n\t\t\t\n<h2 class=\"uppercase\" style=\"margin: 0px;\"><span class=\"custom-title\">Truy\u1ec1n th\u1ed1ng nh\u00e0 tr\u01b0\u1eddng<\/span><\/h2>\n<div id=\"gtx-trans\" style=\"position: absolute; left: -10px; top: -15px;\">\n<div class=\"gtx-trans-icon\">\u00a0<\/div>\n<\/div>\n\t\t<\/div>\n\t\t\t\t\t<\/div>\n\n\t\n<\/div>\n<div class=\"row\"  id=\"row-454445278\">\n\n\t<div id=\"col-716090907\" class=\"col medium-8 small-12 large-8\"  >\n\t\t\t\t<div class=\"col-inner\"  >\n\t\t\t\n\t\t\t\n\t<div id=\"gap-1022204369\" class=\"gap-element clearfix\" style=\"display:block; height:auto;\">\n\t\t\n<style>\n#gap-1022204369 {\n  padding-top: 20px;\n}\n@media (min-width:550px) {\n  #gap-1022204369 {\n    padding-top: 0px;\n  }\n}\n<\/style>\n\t<\/div>\n\t\n\n  \n    <div class=\"row large-columns-1 medium-columns-1 small-columns-1\">\n  <div class=\"col post-item\" >\n\t\t\t<div class=\"col-inner\">\n\t\t\t<a href=\"https:\/\/ptnktdtt-hanoi.edu.vn\/?p=851\" class=\"plain\">\n\t\t\t\t<div class=\"box box-overlay dark box-text-bottom box-blog-post has-hover\">\n            \t\t\t\t\t<div class=\"box-image\" >\n  \t\t\t\t\t\t<div class=\"image-cover\" style=\"padding-top:58%;\">\n  \t\t\t\t\t\t\t<img loading=\"lazy\" decoding=\"async\" width=\"997\" height=\"679\" src=\"https:\/\/ptnktdtt-hanoi.edu.vn\/wp-content\/uploads\/2025\/02\/image9.jpg\" class=\"attachment-original size-original wp-post-image\" alt=\"\" srcset=\"https:\/\/ptnktdtt-hanoi.edu.vn\/wp-content\/uploads\/2025\/02\/image9.jpg 997w, https:\/\/ptnktdtt-hanoi.edu.vn\/wp-content\/uploads\/2025\/02\/image9-300x204.jpg 300w, https:\/\/ptnktdtt-hanoi.edu.vn\/wp-content\/uploads\/2025\/02\/image9-768x523.jpg 768w\" sizes=\"auto, (max-width: 997px) 100vw, 997px\" \/>  \t\t\t\t\t\t\t<div class=\"overlay\" style=\"background-color: rgba(0,0,0,.25)\"><\/div>  \t\t\t\t\t\t\t  \t\t\t\t\t\t<\/div>\n  \t\t\t\t\t\t  \t\t\t\t\t<\/div>\n          \t\t\t\t\t<div class=\"box-text text-center\" >\n\t\t\t\t\t<div class=\"box-text-inner blog-post-inner\">\n\n\t\t\t\t\t\n\t\t\t\t\t\t\t\t\t\t<h5 class=\"post-title is-large \">C\u00e1c th\u1ebf h\u1ec7 l\u00e3nh \u0111\u1ea1o tr\u01b0\u1eddng qua c\u00e1c th\u1eddi k\u1ef3<\/h5>\n\t\t\t\t\t\t\t\t\t\t<div class=\"is-divider\"><\/div>\n\t\t\t\t\t\t\t\t\t\t<p class=\"from_the_blog_excerpt \">...\t\t\t\t\t<\/p>\n\t\t\t\t\t                    \n\t\t\t\t\t\n\t\t\t\t\t\n\t\t\t\t\t<\/div>\n\t\t\t\t\t<\/div>\n\t\t\t\t\t\t\t\t\t<\/div>\n\t\t\t\t<\/a>\n\t\t\t<\/div>\n\t\t<\/div><\/div>\n\t\t<\/div>\n\t\t\t\t\t<\/div>\n\n\t\n\n\t<div id=\"col-169915690\" class=\"col medium-4 small-12 large-4\"  >\n\t\t\t\t<div class=\"col-inner\"  >\n\t\t\t\n\t\t\t\n\n  \n    <div class=\"row large-columns-1 medium-columns-1 small-columns-1\">\n  <div class=\"col post-item\" >\n\t\t\t<div class=\"col-inner\">\n\t\t\t<a href=\"https:\/\/ptnktdtt-hanoi.edu.vn\/?p=3787\" class=\"plain\">\n\t\t\t\t<div class=\"box box-overlay dark box-text-bottom box-blog-post has-hover\">\n            \t\t\t\t\t<div class=\"box-image\" >\n  \t\t\t\t\t\t<div class=\"image-cover\" style=\"padding-top:56.25%;\">\n  \t\t\t\t\t\t\t<img loading=\"lazy\" decoding=\"async\" width=\"300\" height=\"169\" src=\"https:\/\/ptnktdtt-hanoi.edu.vn\/wp-content\/uploads\/2026\/04\/l12-300x169.jpg\" class=\"attachment-medium size-medium wp-post-image\" alt=\"\" srcset=\"https:\/\/ptnktdtt-hanoi.edu.vn\/wp-content\/uploads\/2026\/04\/l12-300x169.jpg 300w, https:\/\/ptnktdtt-hanoi.edu.vn\/wp-content\/uploads\/2026\/04\/l12-1024x576.jpg 1024w, https:\/\/ptnktdtt-hanoi.edu.vn\/wp-content\/uploads\/2026\/04\/l12-768x432.jpg 768w, https:\/\/ptnktdtt-hanoi.edu.vn\/wp-content\/uploads\/2026\/04\/l12-1536x864.jpg 1536w, https:\/\/ptnktdtt-hanoi.edu.vn\/wp-content\/uploads\/2026\/04\/l12-2048x1152.jpg 2048w\" sizes=\"auto, (max-width: 300px) 100vw, 300px\" \/>  \t\t\t\t\t\t\t<div class=\"overlay\" style=\"background-color: rgba(0,0,0,.25)\"><\/div>  \t\t\t\t\t\t\t  \t\t\t\t\t\t<\/div>\n  \t\t\t\t\t\t  \t\t\t\t\t<\/div>\n          \t\t\t\t\t<div class=\"box-text text-center\" >\n\t\t\t\t\t<div class=\"box-text-inner blog-post-inner\">\n\n\t\t\t\t\t\n\t\t\t\t\t\t\t\t\t\t<h5 class=\"post-title is-large \">H\u1ed8I KH\u1eceE S\u1ede V\u0102N H\u00d3A V\u00c0 TH\u1ec2 THAO H\u00c0 N\u1ed8I N\u0102M 2026<\/h5>\n\t\t\t\t\t\t\t\t\t\t<div class=\"is-divider\"><\/div>\n\t\t\t\t\t\t\t\t\t\t<p class=\"from_the_blog_excerpt \">TR\u01af\u1edcNG PH\u1ed4 TH\u00d4NG N\u0102NG KHI\u1ebeU TDTT H\u00c0 N\u1ed8I T\u1eceA S\u00c1NG T\u1ea0I H\u1ed8I KH\u1eceE S\u1ede V\u0102N...\t\t\t\t\t<\/p>\n\t\t\t\t\t                    \n\t\t\t\t\t\n\t\t\t\t\t\n\t\t\t\t\t<\/div>\n\t\t\t\t\t<\/div>\n\t\t\t\t\t\t\t\t\t<\/div>\n\t\t\t\t<\/a>\n\t\t\t<\/div>\n\t\t<\/div><div class=\"col post-item\" >\n\t\t\t<div class=\"col-inner\">\n\t\t\t<a href=\"https:\/\/ptnktdtt-hanoi.edu.vn\/?p=3716\" class=\"plain\">\n\t\t\t\t<div class=\"box box-overlay dark box-text-bottom box-blog-post has-hover\">\n            \t\t\t\t\t<div class=\"box-image\" >\n  \t\t\t\t\t\t<div class=\"image-cover\" style=\"padding-top:56.25%;\">\n  \t\t\t\t\t\t\t<img loading=\"lazy\" decoding=\"async\" width=\"300\" height=\"200\" src=\"https:\/\/ptnktdtt-hanoi.edu.vn\/wp-content\/uploads\/2026\/04\/TTC04487-1-300x200.jpg\" class=\"attachment-medium size-medium wp-post-image\" alt=\"\" srcset=\"https:\/\/ptnktdtt-hanoi.edu.vn\/wp-content\/uploads\/2026\/04\/TTC04487-1-300x200.jpg 300w, https:\/\/ptnktdtt-hanoi.edu.vn\/wp-content\/uploads\/2026\/04\/TTC04487-1-1024x683.jpg 1024w\" sizes=\"auto, (max-width: 300px) 100vw, 300px\" \/>  \t\t\t\t\t\t\t<div class=\"overlay\" style=\"background-color: rgba(0,0,0,.25)\"><\/div>  \t\t\t\t\t\t\t  \t\t\t\t\t\t<\/div>\n  \t\t\t\t\t\t  \t\t\t\t\t<\/div>\n          \t\t\t\t\t<div class=\"box-text text-center\" >\n\t\t\t\t\t<div class=\"box-text-inner blog-post-inner\">\n\n\t\t\t\t\t\n\t\t\t\t\t\t\t\t\t\t<h5 class=\"post-title is-large \">H\u00c0NH TR\u00ccNH T\u1ef0 H\u00c0O V\u00c0 TR\u1ea2I NGHI\u1ec6M<\/h5>\n\t\t\t\t\t\t\t\t\t\t<div class=\"is-divider\"><\/div>\n\t\t\t\t\t\t\t\t\t\t<p class=\"from_the_blog_excerpt \">T\u1ef0 H\u00c0O TR\u00cd TU\u1ec6 VI\u1ec6T &#8211; T\u1ea4M G\u01af\u01a0NG TH\u1ea6Y CHU V\u0102N AN Trong khu\u00f4n kh\u1ed5...\t\t\t\t\t<\/p>\n\t\t\t\t\t                    \n\t\t\t\t\t\n\t\t\t\t\t\n\t\t\t\t\t<\/div>\n\t\t\t\t\t<\/div>\n\t\t\t\t\t\t\t\t\t<\/div>\n\t\t\t\t<\/a>\n\t\t\t<\/div>\n\t\t<\/div><\/div>\n\t\t<\/div>\n\t\t\t\t\t<\/div>\n\n\t\n<\/div>\n<div class=\"row\"  id=\"row-1428707330\">\n\n\t<div id=\"col-791418305\" class=\"col small-12 large-12\"  >\n\t\t\t\t<div class=\"col-inner\"  >\n\t\t\t\n\t\t\t\n\t\t<\/div>\n\t\t\t\t\t<\/div>\n\n\t\n<\/div>\n\t\t<\/div>\n\n\t\t\n<style>\n#section_208070517 {\n  padding-top: 0px;\n  padding-bottom: 0px;\n}\n#section_208070517 .ux-shape-divider--top svg {\n  height: 150px;\n  --divider-top-width: 100%;\n}\n#section_208070517 .ux-shape-divider--bottom svg {\n  height: 150px;\n  --divider-width: 100%;\n}\n@media (min-width:550px) {\n  #section_208070517 {\n    padding-top: 30px;\n    padding-bottom: 30px;\n  }\n}\n<\/style>\n\t<\/section>\n\t\n","protected":false},"excerpt":{"rendered":"","protected":false},"author":1,"featured_media":0,"parent":0,"menu_order":0,"comment_status":"closed","ping_status":"closed","template":"page-blank.php","meta":{"footnotes":""},"class_list":["post-250","page","type-page","status-publish","hentry"],"_links":{"self":[{"href":"https:\/\/ptnktdtt-hanoi.edu.vn\/index.php?rest_route=\/wp\/v2\/pages\/250","targetHints":{"allow":["GET"]}}],"collection":[{"href":"https:\/\/ptnktdtt-hanoi.edu.vn\/index.php?rest_route=\/wp\/v2\/pages"}],"about":[{"href":"https:\/\/ptnktdtt-hanoi.edu.vn\/index.php?rest_route=\/wp\/v2\/types\/page"}],"author":[{"embeddable":true,"href":"https:\/\/ptnktdtt-hanoi.edu.vn\/index.php?rest_route=\/wp\/v2\/users\/1"}],"replies":[{"embeddable":true,"href":"https:\/\/ptnktdtt-hanoi.edu.vn\/index.php?rest_route=%2Fwp%2Fv2%2Fcomments&post=250"}],"version-history":[{"count":6,"href":"https:\/\/ptnktdtt-hanoi.edu.vn\/index.php?rest_route=\/wp\/v2\/pages\/250\/revisions"}],"predecessor-version":[{"id":931,"href":"https:\/\/ptnktdtt-hanoi.edu.vn\/index.php?rest_route=\/wp\/v2\/pages\/250\/revisions\/931"}],"wp:attachment":[{"href":"https:\/\/ptnktdtt-hanoi.edu.vn\/index.php?rest_route=%2Fwp%2Fv2%2Fmedia&parent=250"}],"curies":[{"name":"wp","href":"https:\/\/api.w.org\/{rel}","templated":true}]}}