{"id":246,"date":"2025-02-05T16:06:54","date_gmt":"2025-02-05T16:06:54","guid":{"rendered":"https:\/\/truonghoc1.hmarketing.vn\/?page_id=246"},"modified":"2025-02-23T15:56:23","modified_gmt":"2025-02-23T08:56:23","slug":"gioi-thieu","status":"publish","type":"page","link":"https:\/\/ptnktdtt-hanoi.edu.vn\/?page_id=246","title":{"rendered":"Gi\u1edbi thi\u1ec7u"},"content":{"rendered":"\t<section class=\"section\" id=\"section_751915456\">\n\t\t<div class=\"bg section-bg fill bg-fill  bg-loaded\" >\n\n\t\t\t\n\t\t\t\n\t\t\t\n\n\t\t<\/div>\n\n\t\t\n\n\t\t<div class=\"section-content relative\">\n\t\t\t\n\t<div id=\"gap-496538837\" class=\"gap-element clearfix\" style=\"display:block; height:auto;\">\n\t\t\n<style>\n#gap-496538837 {\n  padding-top: 15px;\n}\n<\/style>\n\t<\/div>\n\t\n<div class=\"row row-small\"  id=\"row-619361512\">\n\n\t<div id=\"col-914311822\" class=\"col small-12 large-12\"  >\n\t\t\t\t<div class=\"col-inner\"  >\n\t\t\t\n\t\t\t\n<h2 class=\"uppercase\" style=\"margin: 0px;\"><span class=\"custom-title\">Gi\u1edbi thi\u1ec7u<\/span><\/h2>\n<div id=\"gtx-trans\" style=\"position: absolute; left: -2px; top: -15px;\">\n<div class=\"gtx-trans-icon\">\u00a0<\/div>\n<\/div>\n\t\t<\/div>\n\t\t\t\t\t<\/div>\n\n\t\n<\/div>\n<div class=\"row\"  id=\"row-1379412303\">\n\n\t<div id=\"col-1777957150\" class=\"col small-12 large-12\"  >\n\t\t\t\t<div class=\"col-inner\"  >\n\t\t\t\n\t\t\t\n\n  \n    <div class=\"row large-columns-1 medium-columns-1 small-columns-1\">\n  <div class=\"col post-item\" >\n\t\t\t<div class=\"col-inner\">\n\t\t\t<a href=\"https:\/\/ptnktdtt-hanoi.edu.vn\/?p=795\" class=\"plain\">\n\t\t\t\t<div class=\"box box-vertical box-text-bottom box-blog-post has-hover\">\n            \t\t\t\t\t<div class=\"box-image\" style=\"width:43%;\">\n  \t\t\t\t\t\t<div class=\"image-cover\" style=\"padding-top:89%;\">\n  \t\t\t\t\t\t\t<img loading=\"lazy\" decoding=\"async\" width=\"1440\" height=\"960\" src=\"https:\/\/ptnktdtt-hanoi.edu.vn\/wp-content\/uploads\/2025\/02\/467733055_1137426578388405_5304139463898176959_n.jpg\" class=\"attachment-original size-original wp-post-image\" alt=\"\" srcset=\"https:\/\/ptnktdtt-hanoi.edu.vn\/wp-content\/uploads\/2025\/02\/467733055_1137426578388405_5304139463898176959_n.jpg 1440w, https:\/\/ptnktdtt-hanoi.edu.vn\/wp-content\/uploads\/2025\/02\/467733055_1137426578388405_5304139463898176959_n-300x200.jpg 300w, https:\/\/ptnktdtt-hanoi.edu.vn\/wp-content\/uploads\/2025\/02\/467733055_1137426578388405_5304139463898176959_n-1024x683.jpg 1024w, https:\/\/ptnktdtt-hanoi.edu.vn\/wp-content\/uploads\/2025\/02\/467733055_1137426578388405_5304139463898176959_n-768x512.jpg 768w\" sizes=\"auto, (max-width: 1440px) 100vw, 1440px\" \/>  \t\t\t\t\t\t\t  \t\t\t\t\t\t\t  \t\t\t\t\t\t<\/div>\n  \t\t\t\t\t\t  \t\t\t\t\t<\/div>\n          \t\t\t\t\t<div class=\"box-text text-left\" >\n\t\t\t\t\t<div class=\"box-text-inner blog-post-inner\">\n\n\t\t\t\t\t\n\t\t\t\t\t\t\t\t\t\t<h5 class=\"post-title is-large \">Ho\u1ea1t \u0111\u1ed9ng ngo\u1ea1i kho\u00e1<\/h5>\n\t\t\t\t\t\t\t\t\t\t<div class=\"is-divider\"><\/div>\n\t\t\t\t\t\t\t\t\t\t<p class=\"from_the_blog_excerpt \">Tr\u01b0\u1eddng Ph\u1ed5 th\u00f4ng N\u0103ng khi\u1ebfu Th\u1ec3 d\u1ee5c Th\u1ec3 thao H\u00e0 N\u1ed9i kh\u00f4ng ch\u1ec9 ch\u00fa tr\u1ecdng \u0111\u1ebfn vi\u1ec7c gi\u1ea3ng d\u1ea1y theo ch\u01b0\u01a1ng tr\u00ecnh ch\u00ednh kh\u00f3a m\u00e0 c\u00f2n \u0111\u1ea9y m\u1ea1nh c\u00e1c ho\u1ea1t \u0111\u1ed9ng ngo\u1ea1i kh\u00f3a, s\u00e1ng t\u1ea1o, gi\u00fap h\u1ecdc sinh ph\u00e1t tri\u1ec3n to\u00e0n di\u1ec7n, \u0111\u00e1p \u1ee9ng y\u00eau c\u1ea7u th\u1ef1c ti\u1ec5n v\u00e0 ph\u00f9...\t\t\t\t\t<\/p>\n\t\t\t\t\t                    \n\t\t\t\t\t\n\t\t\t\t\t\n\t\t\t\t\t<\/div>\n\t\t\t\t\t<\/div>\n\t\t\t\t\t\t\t\t\t<\/div>\n\t\t\t\t<\/a>\n\t\t\t<\/div>\n\t\t<\/div><div class=\"col post-item\" >\n\t\t\t<div class=\"col-inner\">\n\t\t\t<a href=\"https:\/\/ptnktdtt-hanoi.edu.vn\/?p=792\" class=\"plain\">\n\t\t\t\t<div class=\"box box-vertical box-text-bottom box-blog-post has-hover\">\n            \t\t\t\t\t<div class=\"box-image\" style=\"width:43%;\">\n  \t\t\t\t\t\t<div class=\"image-cover\" style=\"padding-top:89%;\">\n  \t\t\t\t\t\t\t<img loading=\"lazy\" decoding=\"async\" width=\"1293\" height=\"862\" src=\"https:\/\/ptnktdtt-hanoi.edu.vn\/wp-content\/uploads\/2025\/02\/image36-1.jpg\" class=\"attachment-original size-original wp-post-image\" alt=\"\" srcset=\"https:\/\/ptnktdtt-hanoi.edu.vn\/wp-content\/uploads\/2025\/02\/image36-1.jpg 1293w, https:\/\/ptnktdtt-hanoi.edu.vn\/wp-content\/uploads\/2025\/02\/image36-1-300x200.jpg 300w, https:\/\/ptnktdtt-hanoi.edu.vn\/wp-content\/uploads\/2025\/02\/image36-1-1024x683.jpg 1024w, https:\/\/ptnktdtt-hanoi.edu.vn\/wp-content\/uploads\/2025\/02\/image36-1-768x512.jpg 768w\" sizes=\"auto, (max-width: 1293px) 100vw, 1293px\" \/>  \t\t\t\t\t\t\t  \t\t\t\t\t\t\t  \t\t\t\t\t\t<\/div>\n  \t\t\t\t\t\t  \t\t\t\t\t<\/div>\n          \t\t\t\t\t<div class=\"box-text text-left\" >\n\t\t\t\t\t<div class=\"box-text-inner blog-post-inner\">\n\n\t\t\t\t\t\n\t\t\t\t\t\t\t\t\t\t<h5 class=\"post-title is-large \">C\u01a1 s\u1edf v\u1eadt ch\u1ea5t<\/h5>\n\t\t\t\t\t\t\t\t\t\t<div class=\"is-divider\"><\/div>\n\t\t\t\t\t\t\t\t\t\t<p class=\"from_the_blog_excerpt \">Nh\u00e0 tr\u01b0\u1eddng khi b\u1eaft \u0111\u1ea7u th\u00e0nh l\u1eadp ch\u1ec9 c\u00f3 c\u01a1 s\u1edf gi\u00e1o d\u1ee5c \u0111\u1ea7u ti\u00ean t\u1ea1i Qu\u1ea7n Ng\u1ef1a. Sau \u0111\u00f3, c\u00f3 th\u00eam c\u01a1 s\u1edf gi\u00e1o d\u1ee5c t\u1ea1i Tr\u1ecbnh Ho\u00e0i \u0110\u1ee9c, c\u01a1 s\u1edf H\u00e0 \u0110\u00f4ng, c\u01a1 s\u1edf t\u1ea1i Nam Ninh \u2013 Trung Qu\u1ed1c. \u0110\u1ebfn n\u0103m 2010, nh\u00e0 tr\u01b0\u1eddng vinh d\u1ef1 \u0111\u01b0\u1ee3c...\t\t\t\t\t<\/p>\n\t\t\t\t\t                    \n\t\t\t\t\t\n\t\t\t\t\t\n\t\t\t\t\t<\/div>\n\t\t\t\t\t<\/div>\n\t\t\t\t\t\t\t\t\t<\/div>\n\t\t\t\t<\/a>\n\t\t\t<\/div>\n\t\t<\/div><div class=\"col post-item\" >\n\t\t\t<div class=\"col-inner\">\n\t\t\t<a href=\"https:\/\/ptnktdtt-hanoi.edu.vn\/?p=1054\" class=\"plain\">\n\t\t\t\t<div class=\"box box-vertical box-text-bottom box-blog-post has-hover\">\n            \t\t\t\t\t<div class=\"box-image\" style=\"width:43%;\">\n  \t\t\t\t\t\t<div class=\"image-cover\" style=\"padding-top:89%;\">\n  \t\t\t\t\t\t\t<img loading=\"lazy\" decoding=\"async\" width=\"2561\" height=\"1921\" src=\"https:\/\/ptnktdtt-hanoi.edu.vn\/wp-content\/uploads\/2025\/01\/z6309673874531_d575e4ea05771244232805c78818cda6.jpg\" class=\"attachment-original size-original wp-post-image\" alt=\"\" srcset=\"https:\/\/ptnktdtt-hanoi.edu.vn\/wp-content\/uploads\/2025\/01\/z6309673874531_d575e4ea05771244232805c78818cda6.jpg 2561w, https:\/\/ptnktdtt-hanoi.edu.vn\/wp-content\/uploads\/2025\/01\/z6309673874531_d575e4ea05771244232805c78818cda6-300x225.jpg 300w, https:\/\/ptnktdtt-hanoi.edu.vn\/wp-content\/uploads\/2025\/01\/z6309673874531_d575e4ea05771244232805c78818cda6-1024x768.jpg 1024w, https:\/\/ptnktdtt-hanoi.edu.vn\/wp-content\/uploads\/2025\/01\/z6309673874531_d575e4ea05771244232805c78818cda6-768x576.jpg 768w, https:\/\/ptnktdtt-hanoi.edu.vn\/wp-content\/uploads\/2025\/01\/z6309673874531_d575e4ea05771244232805c78818cda6-1536x1152.jpg 1536w, https:\/\/ptnktdtt-hanoi.edu.vn\/wp-content\/uploads\/2025\/01\/z6309673874531_d575e4ea05771244232805c78818cda6-2048x1536.jpg 2048w\" sizes=\"auto, (max-width: 2561px) 100vw, 2561px\" \/>  \t\t\t\t\t\t\t  \t\t\t\t\t\t\t  \t\t\t\t\t\t<\/div>\n  \t\t\t\t\t\t  \t\t\t\t\t<\/div>\n          \t\t\t\t\t<div class=\"box-text text-left\" >\n\t\t\t\t\t<div class=\"box-text-inner blog-post-inner\">\n\n\t\t\t\t\t\n\t\t\t\t\t\t\t\t\t\t<h5 class=\"post-title is-large \">C\u01a1 c\u1ea5u t\u1ed5 ch\u1ee9c tr\u01b0\u1eddng PT n\u0103ng khi\u1ebfu TDTT H\u00e0 N\u1ed9i<\/h5>\n\t\t\t\t\t\t\t\t\t\t<div class=\"is-divider\"><\/div>\n\t\t\t\t\t\t\t\t\t\t<p class=\"from_the_blog_excerpt \">Tr\u01b0\u1eddng Ph\u1ed5 th\u00f4ng n\u0103ng khi\u1ebfu Th\u1ec3 d\u1ee5c th\u1ec3 thao H\u00e0 N\u1ed9i l\u00e0 tr\u01b0\u1eddng chuy\u00ean bi\u1ec7t, \u0111a c\u1ea5p. C\u01a1 c\u1ea5u nh\u00e0 tr\u01b0\u1eddng bao g\u1ed3m: &#8211; Ban Gi\u00e1m hi\u1ec7u:...\t\t\t\t\t<\/p>\n\t\t\t\t\t                    \n\t\t\t\t\t\n\t\t\t\t\t\n\t\t\t\t\t<\/div>\n\t\t\t\t\t<\/div>\n\t\t\t\t\t\t\t\t\t<\/div>\n\t\t\t\t<\/a>\n\t\t\t<\/div>\n\t\t<\/div><div class=\"col post-item\" >\n\t\t\t<div class=\"col-inner\">\n\t\t\t<a href=\"https:\/\/ptnktdtt-hanoi.edu.vn\/?p=789\" class=\"plain\">\n\t\t\t\t<div class=\"box box-vertical box-text-bottom box-blog-post has-hover\">\n            \t\t\t\t\t<div class=\"box-image\" style=\"width:43%;\">\n  \t\t\t\t\t\t<div class=\"image-cover\" style=\"padding-top:89%;\">\n  \t\t\t\t\t\t\t<img loading=\"lazy\" decoding=\"async\" width=\"2561\" height=\"1921\" src=\"https:\/\/ptnktdtt-hanoi.edu.vn\/wp-content\/uploads\/2025\/01\/z6309673874531_d575e4ea05771244232805c78818cda6.jpg\" class=\"attachment-original size-original wp-post-image\" alt=\"\" srcset=\"https:\/\/ptnktdtt-hanoi.edu.vn\/wp-content\/uploads\/2025\/01\/z6309673874531_d575e4ea05771244232805c78818cda6.jpg 2561w, https:\/\/ptnktdtt-hanoi.edu.vn\/wp-content\/uploads\/2025\/01\/z6309673874531_d575e4ea05771244232805c78818cda6-300x225.jpg 300w, https:\/\/ptnktdtt-hanoi.edu.vn\/wp-content\/uploads\/2025\/01\/z6309673874531_d575e4ea05771244232805c78818cda6-1024x768.jpg 1024w, https:\/\/ptnktdtt-hanoi.edu.vn\/wp-content\/uploads\/2025\/01\/z6309673874531_d575e4ea05771244232805c78818cda6-768x576.jpg 768w, https:\/\/ptnktdtt-hanoi.edu.vn\/wp-content\/uploads\/2025\/01\/z6309673874531_d575e4ea05771244232805c78818cda6-1536x1152.jpg 1536w, https:\/\/ptnktdtt-hanoi.edu.vn\/wp-content\/uploads\/2025\/01\/z6309673874531_d575e4ea05771244232805c78818cda6-2048x1536.jpg 2048w\" sizes=\"auto, (max-width: 2561px) 100vw, 2561px\" \/>  \t\t\t\t\t\t\t  \t\t\t\t\t\t\t  \t\t\t\t\t\t<\/div>\n  \t\t\t\t\t\t  \t\t\t\t\t<\/div>\n          \t\t\t\t\t<div class=\"box-text text-left\" >\n\t\t\t\t\t<div class=\"box-text-inner blog-post-inner\">\n\n\t\t\t\t\t\n\t\t\t\t\t\t\t\t\t\t<h5 class=\"post-title is-large \">C\u01a1 c\u1ea5u t\u1ed5 ch\u1ee9c tr\u01b0\u1eddng THPT n\u0103ng khi\u1ebfu TDTD H\u00e0 N\u1ed9i<\/h5>\n\t\t\t\t\t\t\t\t\t\t<div class=\"is-divider\"><\/div>\n\t\t\t\t\t\t\t\t\t\t<p class=\"from_the_blog_excerpt \">Tr\u01b0\u1eddng Ph\u1ed5 th\u00f4ng n\u0103ng khi\u1ebfu Th\u1ec3 d\u1ee5c th\u1ec3 thao H\u00e0 N\u1ed9i l\u00e0 tr\u01b0\u1eddng chuy\u00ean bi\u1ec7t, \u0111a c\u1ea5p. C\u01a1 c\u1ea5u nh\u00e0 tr\u01b0\u1eddng bao g\u1ed3m: &#8211; Ban Gi\u00e1m hi\u1ec7u:...\t\t\t\t\t<\/p>\n\t\t\t\t\t                    \n\t\t\t\t\t\n\t\t\t\t\t\n\t\t\t\t\t<\/div>\n\t\t\t\t\t<\/div>\n\t\t\t\t\t\t\t\t\t<\/div>\n\t\t\t\t<\/a>\n\t\t\t<\/div>\n\t\t<\/div><div class=\"col post-item\" >\n\t\t\t<div class=\"col-inner\">\n\t\t\t<a href=\"https:\/\/ptnktdtt-hanoi.edu.vn\/?p=785\" class=\"plain\">\n\t\t\t\t<div class=\"box box-vertical box-text-bottom box-blog-post has-hover\">\n            \t\t\t\t\t<div class=\"box-image\" style=\"width:43%;\">\n  \t\t\t\t\t\t<div class=\"image-cover\" style=\"padding-top:89%;\">\n  \t\t\t\t\t\t\t<img loading=\"lazy\" decoding=\"async\" width=\"1440\" height=\"960\" src=\"https:\/\/ptnktdtt-hanoi.edu.vn\/wp-content\/uploads\/2025\/02\/464034176_1112643814200015_6557904549873034883_n.jpg\" class=\"attachment-original size-original wp-post-image\" alt=\"\" srcset=\"https:\/\/ptnktdtt-hanoi.edu.vn\/wp-content\/uploads\/2025\/02\/464034176_1112643814200015_6557904549873034883_n.jpg 1440w, https:\/\/ptnktdtt-hanoi.edu.vn\/wp-content\/uploads\/2025\/02\/464034176_1112643814200015_6557904549873034883_n-300x200.jpg 300w, https:\/\/ptnktdtt-hanoi.edu.vn\/wp-content\/uploads\/2025\/02\/464034176_1112643814200015_6557904549873034883_n-1024x683.jpg 1024w, https:\/\/ptnktdtt-hanoi.edu.vn\/wp-content\/uploads\/2025\/02\/464034176_1112643814200015_6557904549873034883_n-768x512.jpg 768w\" sizes=\"auto, (max-width: 1440px) 100vw, 1440px\" \/>  \t\t\t\t\t\t\t  \t\t\t\t\t\t\t  \t\t\t\t\t\t<\/div>\n  \t\t\t\t\t\t  \t\t\t\t\t<\/div>\n          \t\t\t\t\t<div class=\"box-text text-left\" >\n\t\t\t\t\t<div class=\"box-text-inner blog-post-inner\">\n\n\t\t\t\t\t\n\t\t\t\t\t\t\t\t\t\t<h5 class=\"post-title is-large \">L\u1ecbch s\u1eed v\u00e0 ph\u00e1t tri\u1ec3n tr\u01b0\u1eddng ph\u1ed5 th\u00f4ng n\u0103ng khi\u1ebfu th\u1ec3 d\u1ee5c th\u1ec3 thao H\u00e0 N\u1ed9i<\/h5>\n\t\t\t\t\t\t\t\t\t\t<div class=\"is-divider\"><\/div>\n\t\t\t\t\t\t\t\t\t\t<p class=\"from_the_blog_excerpt \">L\u1ecaCH S\u1eec V\u00c0 PH\u00c1T TRI\u1ec2N TR\u01af\u1edcNG PH\u1ed4 TH\u00d4NG N\u0102NG KHI\u1ebeU TH\u1ec2 D\u1ee4C TH\u1ec2 THAO H\u00c0 N\u1ed8I L\u1ecbch s\u1eed h\u00ecnh th\u00e0nh v\u00e0 ph\u00e1t tri\u1ec3n Tr\u01b0\u1eddng Ph\u1ed5 th\u00f4ng N\u0103ng khi\u1ebfu Th\u1ec3 d\u1ee5c Th\u1ec3 thao H\u00e0 N\u1ed9i, ti\u1ec1n th\u00e2n l\u00e0 Tr\u01b0\u1eddng V\u0103n h\u00f3a Th\u1ec3 thao H\u00e0 N\u1ed9i, \u0111\u01b0\u1ee3c th\u00e0nh l\u1eadp ng\u00e0y 03\/6\/1966. S\u1ef1...\t\t\t\t\t<\/p>\n\t\t\t\t\t                    \n\t\t\t\t\t\n\t\t\t\t\t\n\t\t\t\t\t<\/div>\n\t\t\t\t\t<\/div>\n\t\t\t\t\t\t\t\t\t<\/div>\n\t\t\t\t<\/a>\n\t\t\t<\/div>\n\t\t<\/div><\/div>\n\t\t<\/div>\n\t\t\t\t\t<\/div>\n\n\t\n<\/div>\n\t\t<\/div>\n\n\t\t\n<style>\n#section_751915456 {\n  padding-top: 0px;\n  padding-bottom: 0px;\n}\n#section_751915456 .ux-shape-divider--top svg {\n  height: 150px;\n  --divider-top-width: 100%;\n}\n#section_751915456 .ux-shape-divider--bottom svg {\n  height: 150px;\n  --divider-width: 100%;\n}\n@media (min-width:550px) {\n  #section_751915456 {\n    padding-top: 30px;\n    padding-bottom: 30px;\n  }\n}\n<\/style>\n\t<\/section>\n\t\n","protected":false},"excerpt":{"rendered":"","protected":false},"author":1,"featured_media":0,"parent":0,"menu_order":0,"comment_status":"closed","ping_status":"closed","template":"page-blank.php","meta":{"footnotes":""},"class_list":["post-246","page","type-page","status-publish","hentry"],"_links":{"self":[{"href":"https:\/\/ptnktdtt-hanoi.edu.vn\/index.php?rest_route=\/wp\/v2\/pages\/246","targetHints":{"allow":["GET"]}}],"collection":[{"href":"https:\/\/ptnktdtt-hanoi.edu.vn\/index.php?rest_route=\/wp\/v2\/pages"}],"about":[{"href":"https:\/\/ptnktdtt-hanoi.edu.vn\/index.php?rest_route=\/wp\/v2\/types\/page"}],"author":[{"embeddable":true,"href":"https:\/\/ptnktdtt-hanoi.edu.vn\/index.php?rest_route=\/wp\/v2\/users\/1"}],"replies":[{"embeddable":true,"href":"https:\/\/ptnktdtt-hanoi.edu.vn\/index.php?rest_route=%2Fwp%2Fv2%2Fcomments&post=246"}],"version-history":[{"count":6,"href":"https:\/\/ptnktdtt-hanoi.edu.vn\/index.php?rest_route=\/wp\/v2\/pages\/246\/revisions"}],"predecessor-version":[{"id":932,"href":"https:\/\/ptnktdtt-hanoi.edu.vn\/index.php?rest_route=\/wp\/v2\/pages\/246\/revisions\/932"}],"wp:attachment":[{"href":"https:\/\/ptnktdtt-hanoi.edu.vn\/index.php?rest_route=%2Fwp%2Fv2%2Fmedia&parent=246"}],"curies":[{"name":"wp","href":"https:\/\/api.w.org\/{rel}","templated":true}]}}