{"id":227,"date":"2025-02-05T15:58:46","date_gmt":"2025-02-05T15:58:46","guid":{"rendered":"https:\/\/truonghoc1.hmarketing.vn\/?page_id=227"},"modified":"2025-02-23T15:07:36","modified_gmt":"2025-02-23T08:07:36","slug":"hoat-dong-day-va-hoc","status":"publish","type":"page","link":"https:\/\/ptnktdtt-hanoi.edu.vn\/?page_id=227","title":{"rendered":"Ho\u1ea1t \u0111\u1ed9ng d\u1ea1y v\u00e0 h\u1ecdc"},"content":{"rendered":"\t<section class=\"section\" id=\"section_915266975\">\n\t\t<div class=\"bg section-bg fill bg-fill  bg-loaded\" >\n\n\t\t\t\n\t\t\t\n\t\t\t\n\n\t\t<\/div>\n\n\t\t\n\n\t\t<div class=\"section-content relative\">\n\t\t\t\n\t<div id=\"gap-823892460\" class=\"gap-element clearfix\" style=\"display:block; height:auto;\">\n\t\t\n<style>\n#gap-823892460 {\n  padding-top: 15px;\n}\n<\/style>\n\t<\/div>\n\t\n<div class=\"row row-small\"  id=\"row-1352276929\">\n\n\t<div id=\"col-2102147508\" class=\"col small-12 large-12\"  >\n\t\t\t\t<div class=\"col-inner\"  >\n\t\t\t\n\t\t\t\n<h2 class=\"uppercase\" style=\"margin: 0px;\"><span class=\"custom-title\">ho\u1ea1t \u0111\u1ed9ng D\u1ea1y v\u00e0 h\u1ecdc<\/span><\/h2>\n<div id=\"gtx-trans\" style=\"position: absolute; left: 4px; top: -15px;\">\n<div class=\"gtx-trans-icon\">\u00a0<\/div>\n<\/div>\n\t\t<\/div>\n\t\t\t\t\t<\/div>\n\n\t\n<\/div>\n<div class=\"row\"  id=\"row-607345287\">\n\n\t<div id=\"col-882006190\" class=\"col medium-8 small-12 large-8\"  >\n\t\t\t\t<div class=\"col-inner\"  >\n\t\t\t\n\t\t\t\n\t<div id=\"gap-1145251757\" class=\"gap-element clearfix\" style=\"display:block; height:auto;\">\n\t\t\n<style>\n#gap-1145251757 {\n  padding-top: 20px;\n}\n@media (min-width:550px) {\n  #gap-1145251757 {\n    padding-top: 0px;\n  }\n}\n<\/style>\n\t<\/div>\n\t\n\n  \n    <div class=\"row large-columns-1 medium-columns-1 small-columns-1\">\n  <div class=\"col post-item\" >\n\t\t\t<div class=\"col-inner\">\n\t\t\t<a href=\"https:\/\/ptnktdtt-hanoi.edu.vn\/?p=1051\" class=\"plain\">\n\t\t\t\t<div class=\"box box-overlay dark box-text-bottom box-blog-post has-hover\">\n            \t\t\t\t\t<div class=\"box-image\" >\n  \t\t\t\t\t\t<div class=\"image-cover\" style=\"padding-top:58%;\">\n  \t\t\t\t\t\t\t<img loading=\"lazy\" decoding=\"async\" width=\"1440\" height=\"1080\" src=\"https:\/\/ptnktdtt-hanoi.edu.vn\/wp-content\/uploads\/2025\/02\/425438413_911871150943950_8646208902796989083_n.jpg\" class=\"attachment-original size-original wp-post-image\" alt=\"\" srcset=\"https:\/\/ptnktdtt-hanoi.edu.vn\/wp-content\/uploads\/2025\/02\/425438413_911871150943950_8646208902796989083_n.jpg 1440w, https:\/\/ptnktdtt-hanoi.edu.vn\/wp-content\/uploads\/2025\/02\/425438413_911871150943950_8646208902796989083_n-300x225.jpg 300w, https:\/\/ptnktdtt-hanoi.edu.vn\/wp-content\/uploads\/2025\/02\/425438413_911871150943950_8646208902796989083_n-1024x768.jpg 1024w, https:\/\/ptnktdtt-hanoi.edu.vn\/wp-content\/uploads\/2025\/02\/425438413_911871150943950_8646208902796989083_n-768x576.jpg 768w\" sizes=\"auto, (max-width: 1440px) 100vw, 1440px\" \/>  \t\t\t\t\t\t\t<div class=\"overlay\" style=\"background-color: rgba(0,0,0,.25)\"><\/div>  \t\t\t\t\t\t\t  \t\t\t\t\t\t<\/div>\n  \t\t\t\t\t\t  \t\t\t\t\t<\/div>\n          \t\t\t\t\t<div class=\"box-text text-center\" >\n\t\t\t\t\t<div class=\"box-text-inner blog-post-inner\">\n\n\t\t\t\t\t\n\t\t\t\t\t\t\t\t\t\t<h5 class=\"post-title is-large \">Ch\u01b0\u01a1ng tr\u00ecnh \u201cXu\u00e2n y\u00eau th\u01b0\u01a1ng\u201d n\u0103m 2024<\/h5>\n\t\t\t\t\t\t\t\t\t\t<div class=\"is-divider\"><\/div>\n\t\t\t\t\t\t\t\t\t\t<p class=\"from_the_blog_excerpt \">&#8220;Ngo\u00e0i \u0111\u01b0\u1eddng \u0111\u00f4ng vui tr\u00e0n ng\u1eadp bao ti\u1ebfng ca, xu\u00e2n n\u0103m nay \u0111\u00e3 \u0111\u1ebfn r\u1ed3i...\t\t\t\t\t<\/p>\n\t\t\t\t\t                    \n\t\t\t\t\t\n\t\t\t\t\t\n\t\t\t\t\t<\/div>\n\t\t\t\t\t<\/div>\n\t\t\t\t\t\t\t\t\t<\/div>\n\t\t\t\t<\/a>\n\t\t\t<\/div>\n\t\t<\/div><\/div>\n\t\t<\/div>\n\t\t\t\t\t<\/div>\n\n\t\n\n\t<div id=\"col-1803658515\" class=\"col medium-4 small-12 large-4\"  >\n\t\t\t\t<div class=\"col-inner\"  >\n\t\t\t\n\t\t\t\n\n  \n    <div class=\"row large-columns-1 medium-columns-1 small-columns-1\">\n  <div class=\"col post-item\" >\n\t\t\t<div class=\"col-inner\">\n\t\t\t<a href=\"https:\/\/ptnktdtt-hanoi.edu.vn\/?p=863\" class=\"plain\">\n\t\t\t\t<div class=\"box box-overlay dark box-text-bottom box-blog-post has-hover\">\n            \t\t\t\t\t<div class=\"box-image\" >\n  \t\t\t\t\t\t<div class=\"image-cover\" style=\"padding-top:56.25%;\">\n  \t\t\t\t\t\t\t<img loading=\"lazy\" decoding=\"async\" width=\"300\" height=\"168\" src=\"https:\/\/ptnktdtt-hanoi.edu.vn\/wp-content\/uploads\/2025\/02\/image33-300x168.jpg\" class=\"attachment-medium size-medium wp-post-image\" alt=\"\" srcset=\"https:\/\/ptnktdtt-hanoi.edu.vn\/wp-content\/uploads\/2025\/02\/image33-300x168.jpg 300w, https:\/\/ptnktdtt-hanoi.edu.vn\/wp-content\/uploads\/2025\/02\/image33.jpg 500w\" sizes=\"auto, (max-width: 300px) 100vw, 300px\" \/>  \t\t\t\t\t\t\t<div class=\"overlay\" style=\"background-color: rgba(0,0,0,.25)\"><\/div>  \t\t\t\t\t\t\t  \t\t\t\t\t\t<\/div>\n  \t\t\t\t\t\t  \t\t\t\t\t<\/div>\n          \t\t\t\t\t<div class=\"box-text text-center\" >\n\t\t\t\t\t<div class=\"box-text-inner blog-post-inner\">\n\n\t\t\t\t\t\n\t\t\t\t\t\t\t\t\t\t<h5 class=\"post-title is-large \">C\u00e1c v\u1eadn \u0111\u1ed9ng vi\u00ean ti\u00eau bi\u1ec3u tr\u01b0\u1eddng ph\u1ed5 th\u00f4ng n\u0103ng khi\u1ebfu th\u1ec3 d\u1ee5c th\u1ec3 thao H\u00e0 N\u1ed9i<\/h5>\n\t\t\t\t\t\t\t\t\t\t<div class=\"is-divider\"><\/div>\n\t\t\t\t\t\t\t\t\t\t<p class=\"from_the_blog_excerpt \">Sinh n\u0103m: 1979 H\u1ecdc t\u1ea1i\u00a0 tr\u01b0\u1eddng kh\u00f3a: 1992 &#8211; 1997 \u00a0 \u00a0 Th\u00e0nh t\u00edch n\u1ed5i...\t\t\t\t\t<\/p>\n\t\t\t\t\t                    \n\t\t\t\t\t\n\t\t\t\t\t\n\t\t\t\t\t<\/div>\n\t\t\t\t\t<\/div>\n\t\t\t\t\t\t\t\t\t<\/div>\n\t\t\t\t<\/a>\n\t\t\t<\/div>\n\t\t<\/div><div class=\"col post-item\" >\n\t\t\t<div class=\"col-inner\">\n\t\t\t<a href=\"https:\/\/ptnktdtt-hanoi.edu.vn\/?p=695\" class=\"plain\">\n\t\t\t\t<div class=\"box box-overlay dark box-text-bottom box-blog-post has-hover\">\n            \t\t\t\t\t<div class=\"box-image\" >\n  \t\t\t\t\t\t<div class=\"image-cover\" style=\"padding-top:56.25%;\">\n  \t\t\t\t\t\t\t<img loading=\"lazy\" decoding=\"async\" width=\"300\" height=\"195\" src=\"https:\/\/ptnktdtt-hanoi.edu.vn\/wp-content\/uploads\/2025\/02\/467021249_1134255162038880_6839095906086418537_n-300x195.jpg\" class=\"attachment-medium size-medium wp-post-image\" alt=\"\" srcset=\"https:\/\/ptnktdtt-hanoi.edu.vn\/wp-content\/uploads\/2025\/02\/467021249_1134255162038880_6839095906086418537_n-300x195.jpg 300w, https:\/\/ptnktdtt-hanoi.edu.vn\/wp-content\/uploads\/2025\/02\/467021249_1134255162038880_6839095906086418537_n-1024x666.jpg 1024w, https:\/\/ptnktdtt-hanoi.edu.vn\/wp-content\/uploads\/2025\/02\/467021249_1134255162038880_6839095906086418537_n-768x499.jpg 768w, https:\/\/ptnktdtt-hanoi.edu.vn\/wp-content\/uploads\/2025\/02\/467021249_1134255162038880_6839095906086418537_n.jpg 1244w\" sizes=\"auto, (max-width: 300px) 100vw, 300px\" \/>  \t\t\t\t\t\t\t<div class=\"overlay\" style=\"background-color: rgba(0,0,0,.25)\"><\/div>  \t\t\t\t\t\t\t  \t\t\t\t\t\t<\/div>\n  \t\t\t\t\t\t  \t\t\t\t\t<\/div>\n          \t\t\t\t\t<div class=\"box-text text-center\" >\n\t\t\t\t\t<div class=\"box-text-inner blog-post-inner\">\n\n\t\t\t\t\t\n\t\t\t\t\t\t\t\t\t\t<h5 class=\"post-title is-large \">H\u1ed9i thi &#8220;Gi\u00e1o vi\u00ean gi\u1ecfi c\u1ea5p tr\u01b0\u1eddng&#8221; n\u0103m 2024 c\u1ee7a Tr\u01b0\u1eddng Ph\u1ed5 th\u00f4ng n\u0103ng khi\u1ebfu Th\u1ec3 d\u1ee5c th\u1ec3 thao H\u00e0 N\u1ed9i<\/h5>\n\t\t\t\t\t\t\t\t\t\t<div class=\"is-divider\"><\/div>\n\t\t\t\t\t\t\t\t\t\t<p class=\"from_the_blog_excerpt \">H\u00f2a chung kh\u00f4ng kh\u00ed h\u00e2n hoan ch\u00e0o m\u1eebng 42 n\u0103m ng\u00e0y Nh\u00e0 gi\u00e1o Vi\u1ec7t Nam...\t\t\t\t\t<\/p>\n\t\t\t\t\t                    \n\t\t\t\t\t\n\t\t\t\t\t\n\t\t\t\t\t<\/div>\n\t\t\t\t\t<\/div>\n\t\t\t\t\t\t\t\t\t<\/div>\n\t\t\t\t<\/a>\n\t\t\t<\/div>\n\t\t<\/div><\/div>\n\t\t<\/div>\n\t\t\t\t\t<\/div>\n\n\t\n<\/div>\n<div class=\"row\"  id=\"row-1420314227\">\n\n\t<div id=\"col-622164162\" class=\"col small-12 large-12\"  >\n\t\t\t\t<div class=\"col-inner\"  >\n\t\t\t\n\t\t\t\n\n  \n    <div class=\"row large-columns-1 medium-columns-1 small-columns-1\">\n  <div class=\"col post-item\" >\n\t\t\t<div class=\"col-inner\">\n\t\t\t<a href=\"https:\/\/ptnktdtt-hanoi.edu.vn\/?p=3716\" class=\"plain\">\n\t\t\t\t<div class=\"box box-vertical box-text-bottom box-blog-post has-hover\">\n            \t\t\t\t\t<div class=\"box-image\" style=\"width:43%;\">\n  \t\t\t\t\t\t<div class=\"image-cover\" style=\"padding-top:89%;\">\n  \t\t\t\t\t\t\t<img loading=\"lazy\" decoding=\"async\" width=\"2560\" height=\"1707\" src=\"https:\/\/ptnktdtt-hanoi.edu.vn\/wp-content\/uploads\/2026\/04\/TTC04487-1-scaled.jpg\" class=\"attachment-original size-original wp-post-image\" alt=\"\" srcset=\"https:\/\/ptnktdtt-hanoi.edu.vn\/wp-content\/uploads\/2026\/04\/TTC04487-1-scaled.jpg 2560w, https:\/\/ptnktdtt-hanoi.edu.vn\/wp-content\/uploads\/2026\/04\/TTC04487-1-300x200.jpg 300w, https:\/\/ptnktdtt-hanoi.edu.vn\/wp-content\/uploads\/2026\/04\/TTC04487-1-1024x683.jpg 1024w\" sizes=\"auto, (max-width: 2560px) 100vw, 2560px\" \/>  \t\t\t\t\t\t\t  \t\t\t\t\t\t\t  \t\t\t\t\t\t<\/div>\n  \t\t\t\t\t\t  \t\t\t\t\t<\/div>\n          \t\t\t\t\t<div class=\"box-text text-left\" >\n\t\t\t\t\t<div class=\"box-text-inner blog-post-inner\">\n\n\t\t\t\t\t\n\t\t\t\t\t\t\t\t\t\t<h5 class=\"post-title is-large \">H\u00c0NH TR\u00ccNH T\u1ef0 H\u00c0O V\u00c0 TR\u1ea2I NGHI\u1ec6M<\/h5>\n\t\t\t\t\t\t\t\t\t\t<div class=\"is-divider\"><\/div>\n\t\t\t\t\t\t\t\t\t\t<p class=\"from_the_blog_excerpt \">T\u1ef0 H\u00c0O TR\u00cd TU\u1ec6 VI\u1ec6T &#8211; T\u1ea4M G\u01af\u01a0NG TH\u1ea6Y CHU V\u0102N AN Trong khu\u00f4n kh\u1ed5 Ch\u01b0\u01a1ng tr\u00ecnh tr\u1ea3i nghi\u1ec7m ngo\u1ea1i kh\u00f3a H\u1ecdc k\u1ef3 II n\u0103m h\u1ecdc 2025 &#8211; 2026, ng\u00e0y 04\/4\/2026, h\u1ecdc sinh Tr\u01b0\u1eddng Ph\u1ed5 th\u00f4ng N\u0103ng khi\u1ebfu Th\u1ec3 d\u1ee5c Th\u1ec3 thao H\u00e0 N\u1ed9i \u0111\u00e3 c\u00f3 m\u1ed9t h\u00e0nh tr\u00ecnh h\u1ecdc...\t\t\t\t\t<\/p>\n\t\t\t\t\t                    \n\t\t\t\t\t\n\t\t\t\t\t\n\t\t\t\t\t<\/div>\n\t\t\t\t\t<\/div>\n\t\t\t\t\t\t\t\t\t<\/div>\n\t\t\t\t<\/a>\n\t\t\t<\/div>\n\t\t<\/div><div class=\"col post-item\" >\n\t\t\t<div class=\"col-inner\">\n\t\t\t<a href=\"https:\/\/ptnktdtt-hanoi.edu.vn\/?p=669\" class=\"plain\">\n\t\t\t\t<div class=\"box box-vertical box-text-bottom box-blog-post has-hover\">\n            \t\t\t\t\t<div class=\"box-image\" style=\"width:43%;\">\n  \t\t\t\t\t\t<div class=\"image-cover\" style=\"padding-top:89%;\">\n  \t\t\t\t\t\t\t<img loading=\"lazy\" decoding=\"async\" width=\"1440\" height=\"960\" src=\"https:\/\/ptnktdtt-hanoi.edu.vn\/wp-content\/uploads\/2025\/02\/433468868_952059826925082_8231140775356728695_n.jpg\" class=\"attachment-original size-original wp-post-image\" alt=\"\" srcset=\"https:\/\/ptnktdtt-hanoi.edu.vn\/wp-content\/uploads\/2025\/02\/433468868_952059826925082_8231140775356728695_n.jpg 1440w, https:\/\/ptnktdtt-hanoi.edu.vn\/wp-content\/uploads\/2025\/02\/433468868_952059826925082_8231140775356728695_n-300x200.jpg 300w, https:\/\/ptnktdtt-hanoi.edu.vn\/wp-content\/uploads\/2025\/02\/433468868_952059826925082_8231140775356728695_n-1024x683.jpg 1024w, https:\/\/ptnktdtt-hanoi.edu.vn\/wp-content\/uploads\/2025\/02\/433468868_952059826925082_8231140775356728695_n-768x512.jpg 768w\" sizes=\"auto, (max-width: 1440px) 100vw, 1440px\" \/>  \t\t\t\t\t\t\t  \t\t\t\t\t\t\t  \t\t\t\t\t\t<\/div>\n  \t\t\t\t\t\t  \t\t\t\t\t<\/div>\n          \t\t\t\t\t<div class=\"box-text text-left\" >\n\t\t\t\t\t<div class=\"box-text-inner blog-post-inner\">\n\n\t\t\t\t\t\n\t\t\t\t\t\t\t\t\t\t<h5 class=\"post-title is-large \">Cu\u1ed9c thi \u201cKing and Queen tr\u01b0\u1eddng PTNK TDTT H\u00e0 N\u1ed9i l\u1ea7n th\u1ee9 nh\u1ea5t\u201d n\u0103m h\u1ecdc 2023-2024<\/h5>\n\t\t\t\t\t\t\t\t\t\t<div class=\"is-divider\"><\/div>\n\t\t\t\t\t\t\t\t\t\t<p class=\"from_the_blog_excerpt \">Th\u1ef1c hi\u1ec7n k\u1ebf ho\u1ea1ch n\u0103m h\u1ecdc, k\u1ebf ho\u1ea1ch c\u00f4ng t\u00e1c \u0110o\u00e0n v\u00e0 Phong tr\u00e0o Thanh thi\u1ebfu ni\u00ean Tr\u01b0\u1eddng Ph\u1ed5 th\u00f4ng N\u0103ng khi\u1ebfu TDTT H\u00e0 N\u1ed9i n\u0103m h\u1ecdc 2023 \u2013 2024, \u0111\u01b0\u1ee3c s\u1ef1 nh\u1ea5t tr\u00ed v\u00e0 ch\u1ec9 \u0111\u1ea1o c\u1ee7a BGH nh\u00e0 tr\u01b0\u1eddng, BCH \u0110o\u00e0n tr\u01b0\u1eddng \u0111\u00e3 t\u1ed5 ch\u1ee9c Cu\u1ed9c thi \u201cKing...\t\t\t\t\t<\/p>\n\t\t\t\t\t                    \n\t\t\t\t\t\n\t\t\t\t\t\n\t\t\t\t\t<\/div>\n\t\t\t\t\t<\/div>\n\t\t\t\t\t\t\t\t\t<\/div>\n\t\t\t\t<\/a>\n\t\t\t<\/div>\n\t\t<\/div><div class=\"col post-item\" >\n\t\t\t<div class=\"col-inner\">\n\t\t\t<a href=\"https:\/\/ptnktdtt-hanoi.edu.vn\/?p=588\" class=\"plain\">\n\t\t\t\t<div class=\"box box-vertical box-text-bottom box-blog-post has-hover\">\n            \t\t\t\t\t<div class=\"box-image\" style=\"width:43%;\">\n  \t\t\t\t\t\t<div class=\"image-cover\" style=\"padding-top:89%;\">\n  \t\t\t\t\t\t\t<img loading=\"lazy\" decoding=\"async\" width=\"1280\" height=\"960\" src=\"https:\/\/ptnktdtt-hanoi.edu.vn\/wp-content\/uploads\/2025\/02\/469367104_1152161603581569_7368875048027452871_n.jpg\" class=\"attachment-original size-original wp-post-image\" alt=\"\" srcset=\"https:\/\/ptnktdtt-hanoi.edu.vn\/wp-content\/uploads\/2025\/02\/469367104_1152161603581569_7368875048027452871_n.jpg 1280w, https:\/\/ptnktdtt-hanoi.edu.vn\/wp-content\/uploads\/2025\/02\/469367104_1152161603581569_7368875048027452871_n-300x225.jpg 300w, https:\/\/ptnktdtt-hanoi.edu.vn\/wp-content\/uploads\/2025\/02\/469367104_1152161603581569_7368875048027452871_n-1024x768.jpg 1024w, https:\/\/ptnktdtt-hanoi.edu.vn\/wp-content\/uploads\/2025\/02\/469367104_1152161603581569_7368875048027452871_n-768x576.jpg 768w\" sizes=\"auto, (max-width: 1280px) 100vw, 1280px\" \/>  \t\t\t\t\t\t\t  \t\t\t\t\t\t\t  \t\t\t\t\t\t<\/div>\n  \t\t\t\t\t\t  \t\t\t\t\t<\/div>\n          \t\t\t\t\t<div class=\"box-text text-left\" >\n\t\t\t\t\t<div class=\"box-text-inner blog-post-inner\">\n\n\t\t\t\t\t\n\t\t\t\t\t\t\t\t\t\t<h5 class=\"post-title is-large \">Gi\u1ea3i th\u1ec3 thao h\u1eefu ngh\u1ecb vi\u1ec7t &#8211; trung th\u00e0nh ph\u1ed1 h\u00e0 n\u1ed9i n\u0103m 2024<\/h5>\n\t\t\t\t\t\t\t\t\t\t<div class=\"is-divider\"><\/div>\n\t\t\t\t\t\t\t\t\t\t<p class=\"from_the_blog_excerpt \">Ng\u00e0y 6 th\u00e1ng 12 n\u0103m 2024, t\u1ea1i Nh\u00e0 thi \u0111\u1ea5u Tr\u1ecbnh Ho\u00e0i \u0110\u1ee9c, Gi\u1ea3i th\u1ec3 thao H\u1eefu ngh\u1ecb Vi\u1ec7t &#8211; Trung th\u00e0nh ph\u1ed1 H\u00e0 N\u1ed9i \u0111\u00e3 di\u1ec5n ra v\u1edbi s\u1ef1 ph\u1ed1i h\u1ee3p t\u1ed5 ch\u1ee9c c\u1ee7a S\u1edf V\u0103n ho\u00e1 v\u00e0 Th\u1ec3 thao H\u00e0 N\u1ed9i c\u00f9ng H\u1ed9i H\u1eefu ngh\u1ecb Vi\u1ec7t &#8211; Trung....\t\t\t\t\t<\/p>\n\t\t\t\t\t                    \n\t\t\t\t\t\n\t\t\t\t\t\n\t\t\t\t\t<\/div>\n\t\t\t\t\t<\/div>\n\t\t\t\t\t\t\t\t\t<\/div>\n\t\t\t\t<\/a>\n\t\t\t<\/div>\n\t\t<\/div><div class=\"col post-item\" >\n\t\t\t<div class=\"col-inner\">\n\t\t\t<a href=\"https:\/\/ptnktdtt-hanoi.edu.vn\/?p=1045\" class=\"plain\">\n\t\t\t\t<div class=\"box box-vertical box-text-bottom box-blog-post has-hover\">\n            \t\t\t\t\t<div class=\"box-image\" style=\"width:43%;\">\n  \t\t\t\t\t\t<div class=\"image-cover\" style=\"padding-top:89%;\">\n  \t\t\t\t\t\t\t<img loading=\"lazy\" decoding=\"async\" width=\"1280\" height=\"960\" src=\"https:\/\/ptnktdtt-hanoi.edu.vn\/wp-content\/uploads\/2025\/02\/469367104_1152161603581569_7368875048027452871_n.jpg\" class=\"attachment-original size-original wp-post-image\" alt=\"\" srcset=\"https:\/\/ptnktdtt-hanoi.edu.vn\/wp-content\/uploads\/2025\/02\/469367104_1152161603581569_7368875048027452871_n.jpg 1280w, https:\/\/ptnktdtt-hanoi.edu.vn\/wp-content\/uploads\/2025\/02\/469367104_1152161603581569_7368875048027452871_n-300x225.jpg 300w, https:\/\/ptnktdtt-hanoi.edu.vn\/wp-content\/uploads\/2025\/02\/469367104_1152161603581569_7368875048027452871_n-1024x768.jpg 1024w, https:\/\/ptnktdtt-hanoi.edu.vn\/wp-content\/uploads\/2025\/02\/469367104_1152161603581569_7368875048027452871_n-768x576.jpg 768w\" sizes=\"auto, (max-width: 1280px) 100vw, 1280px\" \/>  \t\t\t\t\t\t\t  \t\t\t\t\t\t\t  \t\t\t\t\t\t<\/div>\n  \t\t\t\t\t\t  \t\t\t\t\t<\/div>\n          \t\t\t\t\t<div class=\"box-text text-left\" >\n\t\t\t\t\t<div class=\"box-text-inner blog-post-inner\">\n\n\t\t\t\t\t\n\t\t\t\t\t\t\t\t\t\t<h5 class=\"post-title is-large \">Gi\u1ea3i Th\u1ec3 thao h\u1eefu ngh\u1ecb Vi\u1ec7t &#8211; Trung Th\u00e0nh ph\u1ed1  H\u00e0 N\u1ed9i n\u0103m 2024<\/h5>\n\t\t\t\t\t\t\t\t\t\t<div class=\"is-divider\"><\/div>\n\t\t\t\t\t\t\t\t\t\t<p class=\"from_the_blog_excerpt \">Ng\u00e0y 6 th\u00e1ng 12 n\u0103m 2024, t\u1ea1i Nh\u00e0 thi \u0111\u1ea5u Tr\u1ecbnh Ho\u00e0i \u0110\u1ee9c, Gi\u1ea3i th\u1ec3 thao H\u1eefu ngh\u1ecb Vi\u1ec7t &#8211; Trung th\u00e0nh ph\u1ed1 H\u00e0 N\u1ed9i \u0111\u00e3 di\u1ec5n ra v\u1edbi s\u1ef1 ph\u1ed1i h\u1ee3p t\u1ed5 ch\u1ee9c c\u1ee7a S\u1edf V\u0103n ho\u00e1 v\u00e0 Th\u1ec3 thao H\u00e0 N\u1ed9i c\u00f9ng H\u1ed9i H\u1eefu ngh\u1ecb Vi\u1ec7t &#8211; Trung....\t\t\t\t\t<\/p>\n\t\t\t\t\t                    \n\t\t\t\t\t\n\t\t\t\t\t\n\t\t\t\t\t<\/div>\n\t\t\t\t\t<\/div>\n\t\t\t\t\t\t\t\t\t<\/div>\n\t\t\t\t<\/a>\n\t\t\t<\/div>\n\t\t<\/div><\/div>\n\t\t<\/div>\n\t\t\t\t\t<\/div>\n\n\t\n<\/div>\n\t\t<\/div>\n\n\t\t\n<style>\n#section_915266975 {\n  padding-top: 0px;\n  padding-bottom: 0px;\n}\n#section_915266975 .ux-shape-divider--top svg {\n  height: 150px;\n  --divider-top-width: 100%;\n}\n#section_915266975 .ux-shape-divider--bottom svg {\n  height: 150px;\n  --divider-width: 100%;\n}\n@media (min-width:550px) {\n  #section_915266975 {\n    padding-top: 30px;\n    padding-bottom: 30px;\n  }\n}\n<\/style>\n\t<\/section>\n\t\n","protected":false},"excerpt":{"rendered":"","protected":false},"author":1,"featured_media":0,"parent":0,"menu_order":0,"comment_status":"closed","ping_status":"closed","template":"page-blank.php","meta":{"footnotes":""},"class_list":["post-227","page","type-page","status-publish","hentry"],"_links":{"self":[{"href":"https:\/\/ptnktdtt-hanoi.edu.vn\/index.php?rest_route=\/wp\/v2\/pages\/227","targetHints":{"allow":["GET"]}}],"collection":[{"href":"https:\/\/ptnktdtt-hanoi.edu.vn\/index.php?rest_route=\/wp\/v2\/pages"}],"about":[{"href":"https:\/\/ptnktdtt-hanoi.edu.vn\/index.php?rest_route=\/wp\/v2\/types\/page"}],"author":[{"embeddable":true,"href":"https:\/\/ptnktdtt-hanoi.edu.vn\/index.php?rest_route=\/wp\/v2\/users\/1"}],"replies":[{"embeddable":true,"href":"https:\/\/ptnktdtt-hanoi.edu.vn\/index.php?rest_route=%2Fwp%2Fv2%2Fcomments&post=227"}],"version-history":[{"count":7,"href":"https:\/\/ptnktdtt-hanoi.edu.vn\/index.php?rest_route=\/wp\/v2\/pages\/227\/revisions"}],"predecessor-version":[{"id":903,"href":"https:\/\/ptnktdtt-hanoi.edu.vn\/index.php?rest_route=\/wp\/v2\/pages\/227\/revisions\/903"}],"wp:attachment":[{"href":"https:\/\/ptnktdtt-hanoi.edu.vn\/index.php?rest_route=%2Fwp%2Fv2%2Fmedia&parent=227"}],"curies":[{"name":"wp","href":"https:\/\/api.w.org\/{rel}","templated":true}]}}