{"id":225,"date":"2025-02-05T15:58:22","date_gmt":"2025-02-05T15:58:22","guid":{"rendered":"https:\/\/truonghoc1.hmarketing.vn\/?page_id=225"},"modified":"2025-02-23T15:31:21","modified_gmt":"2025-02-23T08:31:21","slug":"giao-duc-ky-nang-song","status":"publish","type":"page","link":"https:\/\/ptnktdtt-hanoi.edu.vn\/?page_id=225","title":{"rendered":"Gi\u00e1o d\u1ee5c k\u1ef9 n\u0103ng s\u1ed1ng"},"content":{"rendered":"\t<section class=\"section\" id=\"section_681544600\">\n\t\t<div class=\"bg section-bg fill bg-fill  bg-loaded\" >\n\n\t\t\t\n\t\t\t\n\t\t\t\n\n\t\t<\/div>\n\n\t\t\n\n\t\t<div class=\"section-content relative\">\n\t\t\t\n\t<div id=\"gap-392363921\" class=\"gap-element clearfix\" style=\"display:block; height:auto;\">\n\t\t\n<style>\n#gap-392363921 {\n  padding-top: 15px;\n}\n<\/style>\n\t<\/div>\n\t\n<div class=\"row row-small\"  id=\"row-1278051264\">\n\n\t<div id=\"col-2097185315\" class=\"col small-12 large-12\"  >\n\t\t\t\t<div class=\"col-inner\"  >\n\t\t\t\n\t\t\t\n<h2 class=\"uppercase\" style=\"margin: 0px;\"><span class=\"custom-title\">gi\u00e1o d\u1ee5c k\u1ef9 n\u0103ng s\u1ed1ng<\/span><\/h2>\n<div id=\"gtx-trans\" style=\"position: absolute; left: -5px; top: -15px;\">\n<div class=\"gtx-trans-icon\">\u00a0<\/div>\n<\/div>\n\t\t<\/div>\n\t\t\t\t\t<\/div>\n\n\t\n<\/div>\n<div class=\"row\"  id=\"row-1573754384\">\n\n\t<div id=\"col-596503787\" class=\"col small-12 large-12\"  >\n\t\t\t\t<div class=\"col-inner\"  >\n\t\t\t\n\t\t\t\n\t<div id=\"gap-1828550443\" class=\"gap-element clearfix\" style=\"display:block; height:auto;\">\n\t\t\n<style>\n#gap-1828550443 {\n  padding-top: 30px;\n}\n<\/style>\n\t<\/div>\n\t\n\n  \n    <div class=\"row large-columns-1 medium-columns-1 small-columns-1\">\n  <div class=\"col post-item\" >\n\t\t\t<div class=\"col-inner\">\n\t\t\t<a href=\"https:\/\/ptnktdtt-hanoi.edu.vn\/?p=1044\" class=\"plain\">\n\t\t\t\t<div class=\"box box-vertical box-text-bottom box-blog-post has-hover\">\n            \t\t\t\t\t<div class=\"box-image\" style=\"width:43%;\">\n  \t\t\t\t\t\t<div class=\"image-cover\" style=\"padding-top:89%;\">\n  \t\t\t\t\t\t\t<img loading=\"lazy\" decoding=\"async\" width=\"1440\" height=\"960\" src=\"https:\/\/ptnktdtt-hanoi.edu.vn\/wp-content\/uploads\/2025\/02\/471666667_1170479148416481_4090515509164245356_n.jpg\" class=\"attachment-original size-original wp-post-image\" alt=\"\" srcset=\"https:\/\/ptnktdtt-hanoi.edu.vn\/wp-content\/uploads\/2025\/02\/471666667_1170479148416481_4090515509164245356_n.jpg 1440w, https:\/\/ptnktdtt-hanoi.edu.vn\/wp-content\/uploads\/2025\/02\/471666667_1170479148416481_4090515509164245356_n-300x200.jpg 300w, https:\/\/ptnktdtt-hanoi.edu.vn\/wp-content\/uploads\/2025\/02\/471666667_1170479148416481_4090515509164245356_n-1024x683.jpg 1024w, https:\/\/ptnktdtt-hanoi.edu.vn\/wp-content\/uploads\/2025\/02\/471666667_1170479148416481_4090515509164245356_n-768x512.jpg 768w\" sizes=\"auto, (max-width: 1440px) 100vw, 1440px\" \/>  \t\t\t\t\t\t\t  \t\t\t\t\t\t\t  \t\t\t\t\t\t<\/div>\n  \t\t\t\t\t\t  \t\t\t\t\t<\/div>\n          \t\t\t\t\t<div class=\"box-text text-left\" >\n\t\t\t\t\t<div class=\"box-text-inner blog-post-inner\">\n\n\t\t\t\t\t\n\t\t\t\t\t\t\t\t\t\t<h5 class=\"post-title is-large \">Ch\u01b0\u01a1ng tr\u00ecnh gi\u00e1o d\u1ee5c k\u1ef9 n\u0103ng s\u1ed1ng- B\u00ed quy\u1ebft th\u00e0nh c\u00f4ng c\u1ee7a h\u1ecdc sinh PTNK TDTT H\u00e0 N\u1ed9i<\/h5>\n\t\t\t\t\t\t\t\t\t\t<div class=\"is-divider\"><\/div>\n\t\t\t\t\t\t\t\t\t\t<p class=\"from_the_blog_excerpt \">CHUY\u00caN \u0110\u1ec0 \u201cN\u00d3I L\u1edcI HAY \u2013 L\u00c0M VI\u1ec6C T\u1ed0T &#8211; \u1ee8NG X\u1eec V\u0102N MINH TRONG NH\u00c0 TR\u01af\u1edcNG, GIA \u0110\u00ccNH V\u00c0 C\u1ed8NG \u0110\u1ed2NG\u201d Nh\u1eb1m tuy\u00ean truy\u1ec1n, \u0111\u1ecbnh h\u01b0\u1edbng t\u00edch c\u1ef1c cho c\u00e1c em h\u1ecdc sinh trong vi\u1ec7c x\u00e2y d\u1ef1ng m\u1ed1i quan h\u1ec7 \u1ee9ng x\u1eed h\u1ecdc \u0111\u01b0\u1eddng; th\u1ef1c hi\u1ec7n theo k\u1ebf ho\u1ea1ch...\t\t\t\t\t<\/p>\n\t\t\t\t\t                    \n\t\t\t\t\t\n\t\t\t\t\t\n\t\t\t\t\t<\/div>\n\t\t\t\t\t<\/div>\n\t\t\t\t\t\t\t\t\t<\/div>\n\t\t\t\t<\/a>\n\t\t\t<\/div>\n\t\t<\/div><div class=\"col post-item\" >\n\t\t\t<div class=\"col-inner\">\n\t\t\t<a href=\"https:\/\/ptnktdtt-hanoi.edu.vn\/?p=579\" class=\"plain\">\n\t\t\t\t<div class=\"box box-vertical box-text-bottom box-blog-post has-hover\">\n            \t\t\t\t\t<div class=\"box-image\" style=\"width:43%;\">\n  \t\t\t\t\t\t<div class=\"image-cover\" style=\"padding-top:89%;\">\n  \t\t\t\t\t\t\t<img loading=\"lazy\" decoding=\"async\" width=\"1440\" height=\"960\" src=\"https:\/\/ptnktdtt-hanoi.edu.vn\/wp-content\/uploads\/2025\/02\/471666667_1170479148416481_4090515509164245356_n.jpg\" class=\"attachment-original size-original wp-post-image\" alt=\"\" srcset=\"https:\/\/ptnktdtt-hanoi.edu.vn\/wp-content\/uploads\/2025\/02\/471666667_1170479148416481_4090515509164245356_n.jpg 1440w, https:\/\/ptnktdtt-hanoi.edu.vn\/wp-content\/uploads\/2025\/02\/471666667_1170479148416481_4090515509164245356_n-300x200.jpg 300w, https:\/\/ptnktdtt-hanoi.edu.vn\/wp-content\/uploads\/2025\/02\/471666667_1170479148416481_4090515509164245356_n-1024x683.jpg 1024w, https:\/\/ptnktdtt-hanoi.edu.vn\/wp-content\/uploads\/2025\/02\/471666667_1170479148416481_4090515509164245356_n-768x512.jpg 768w\" sizes=\"auto, (max-width: 1440px) 100vw, 1440px\" \/>  \t\t\t\t\t\t\t  \t\t\t\t\t\t\t  \t\t\t\t\t\t<\/div>\n  \t\t\t\t\t\t  \t\t\t\t\t<\/div>\n          \t\t\t\t\t<div class=\"box-text text-left\" >\n\t\t\t\t\t<div class=\"box-text-inner blog-post-inner\">\n\n\t\t\t\t\t\n\t\t\t\t\t\t\t\t\t\t<h5 class=\"post-title is-large \">Ch\u01b0\u01a1ng tr\u00ecnh gi\u00e1o d\u1ee5c k\u1ef9 n\u0103ng s\u1ed1ng- B\u00ed quy\u1ebft th\u00e0nh c\u00f4ng c\u1ee7a h\u1ecdc sinh PTNK T\u0110T H\u00e0 N\u1ed9i<\/h5>\n\t\t\t\t\t\t\t\t\t\t<div class=\"is-divider\"><\/div>\n\t\t\t\t\t\t\t\t\t\t<p class=\"from_the_blog_excerpt \">CHUY\u00caN \u0110\u1ec0 \u201cN\u00d3I L\u1edcI HAY \u2013 L\u00c0M VI\u1ec6C T\u1ed0T &#8211; \u1ee8NG X\u1eec V\u0102N MINH TRONG NH\u00c0 TR\u01af\u1edcNG, GIA \u0110\u00ccNH V\u00c0 C\u1ed8NG \u0110\u1ed2NG\u201d Nh\u1eb1m tuy\u00ean truy\u1ec1n, \u0111\u1ecbnh h\u01b0\u1edbng t\u00edch c\u1ef1c cho c\u00e1c em h\u1ecdc sinh trong vi\u1ec7c x\u00e2y d\u1ef1ng m\u1ed1i quan h\u1ec7 \u1ee9ng x\u1eed h\u1ecdc \u0111\u01b0\u1eddng; th\u1ef1c hi\u1ec7n theo k\u1ebf ho\u1ea1ch...\t\t\t\t\t<\/p>\n\t\t\t\t\t                    \n\t\t\t\t\t\n\t\t\t\t\t\n\t\t\t\t\t<\/div>\n\t\t\t\t\t<\/div>\n\t\t\t\t\t\t\t\t\t<\/div>\n\t\t\t\t<\/a>\n\t\t\t<\/div>\n\t\t<\/div><\/div>\n\t\t<\/div>\n\t\t\t\t\t<\/div>\n\n\t\n<\/div>\n\t\t<\/div>\n\n\t\t\n<style>\n#section_681544600 {\n  padding-top: 0px;\n  padding-bottom: 0px;\n}\n#section_681544600 .ux-shape-divider--top svg {\n  height: 150px;\n  --divider-top-width: 100%;\n}\n#section_681544600 .ux-shape-divider--bottom svg {\n  height: 150px;\n  --divider-width: 100%;\n}\n@media (min-width:550px) {\n  #section_681544600 {\n    padding-top: 30px;\n    padding-bottom: 30px;\n  }\n}\n<\/style>\n\t<\/section>\n\t\n","protected":false},"excerpt":{"rendered":"","protected":false},"author":1,"featured_media":0,"parent":0,"menu_order":0,"comment_status":"closed","ping_status":"closed","template":"page-blank.php","meta":{"footnotes":""},"class_list":["post-225","page","type-page","status-publish","hentry"],"_links":{"self":[{"href":"https:\/\/ptnktdtt-hanoi.edu.vn\/index.php?rest_route=\/wp\/v2\/pages\/225","targetHints":{"allow":["GET"]}}],"collection":[{"href":"https:\/\/ptnktdtt-hanoi.edu.vn\/index.php?rest_route=\/wp\/v2\/pages"}],"about":[{"href":"https:\/\/ptnktdtt-hanoi.edu.vn\/index.php?rest_route=\/wp\/v2\/types\/page"}],"author":[{"embeddable":true,"href":"https:\/\/ptnktdtt-hanoi.edu.vn\/index.php?rest_route=\/wp\/v2\/users\/1"}],"replies":[{"embeddable":true,"href":"https:\/\/ptnktdtt-hanoi.edu.vn\/index.php?rest_route=%2Fwp%2Fv2%2Fcomments&post=225"}],"version-history":[{"count":4,"href":"https:\/\/ptnktdtt-hanoi.edu.vn\/index.php?rest_route=\/wp\/v2\/pages\/225\/revisions"}],"predecessor-version":[{"id":913,"href":"https:\/\/ptnktdtt-hanoi.edu.vn\/index.php?rest_route=\/wp\/v2\/pages\/225\/revisions\/913"}],"wp:attachment":[{"href":"https:\/\/ptnktdtt-hanoi.edu.vn\/index.php?rest_route=%2Fwp%2Fv2%2Fmedia&parent=225"}],"curies":[{"name":"wp","href":"https:\/\/api.w.org\/{rel}","templated":true}]}}