{"id":160,"date":"2025-01-17T09:08:57","date_gmt":"2025-01-17T09:08:57","guid":{"rendered":"https:\/\/truonghoc1.hmarketing.vn\/?page_id=160"},"modified":"2025-02-23T14:58:00","modified_gmt":"2025-02-23T07:58:00","slug":"lien-he","status":"publish","type":"page","link":"https:\/\/ptnktdtt-hanoi.edu.vn\/?page_id=160","title":{"rendered":"Li\u00ean h\u1ec7"},"content":{"rendered":"\t<section class=\"section\" id=\"section_1936602404\">\n\t\t<div class=\"bg section-bg fill bg-fill  bg-loaded\" >\n\n\t\t\t\n\t\t\t\n\t\t\t\n\n\t\t<\/div>\n\n\t\t\n\n\t\t<div class=\"section-content relative\">\n\t\t\t\n<div class=\"row\"  id=\"row-2106713255\">\n\n\t<div id=\"col-1398382490\" class=\"col medium-8 small-12 large-8\"  >\n\t\t\t\t<div class=\"col-inner\"  >\n\t\t\t\n\t\t\t\n\t<div id=\"gap-586936850\" class=\"gap-element clearfix\" style=\"display:block; height:auto;\">\n\t\t\n<style>\n#gap-586936850 {\n  padding-top: 30px;\n}\n<\/style>\n\t<\/div>\n\t\n<h2 class=\"uppercase\" style=\"margin: 0px;\"><span class=\"custom-title\">TH\u00f4ng tin li\u00ean h\u1ec7<\/span><\/h2>\n\t<div id=\"gap-875982768\" class=\"gap-element clearfix\" style=\"display:block; height:auto;\">\n\t\t\n<style>\n#gap-875982768 {\n  padding-top: 30px;\n}\n<\/style>\n\t<\/div>\n\t\n\t<div id=\"text-103896019\" class=\"text\">\n\t\t\n<div>\n<p><b>TR\u01af\u1edcNG PH\u1ed4 TH\u00d4NG N\u0102NG KHI\u1ebeU TDTT H\u00c0 N\u1ed8I<\/b><\/p>\n<p><span style=\"font-weight: 400;\">\u0110\u1ecba ch\u1ec9: ph\u01b0\u1eddng M\u1ef9 \u0110\u00ecnh 2, qu\u1eadn Nam T\u1eeb Li\u00eam, H\u00e0 N\u1ed9i<\/span><\/p>\n<p><span style=\"font-weight: 400;\">\u0110i\u1ec7n tho\u1ea1i: 0437 857 994<\/span><\/p>\n<p><span style=\"font-weight: 400;\">Email: nktdtt@hanoiedu.vn<\/span><\/p>\n<\/div>\n\t\t\n<style>\n#text-103896019 {\n  color: rgb(46, 46, 46);\n}\n#text-103896019 > * {\n  color: rgb(46, 46, 46);\n}\n<\/style>\n\t<\/div>\n\t\n<p><iframe src=\"https:\/\/www.google.com\/maps\/embed?pb=!1m18!1m12!1m3!1d3724.1597400143905!2d105.76199397467983!3d21.026293480622464!2m3!1f0!2f0!3f0!3m2!1i1024!2i768!4f13.1!3m3!1m2!1s0x313454ba611b4bcb%3A0x842df2a4e702bf04!2zVHLGsOG7nW5nIFBo4buVIHRow7RuZyBOxINuZyBraGnhur91IFRo4buDIGThu6VjIFRo4buDIHRoYW8gSMOgIE7hu5lp!5e0!3m2!1sen!2s!4v1739339201482!5m2!1sen!2s\" width=\"100%\" height=\"450\" style=\"border:0;\" allowfullscreen=\"\" loading=\"lazy\" referrerpolicy=\"no-referrer-when-downgrade\"><\/iframe><\/p>\n\t\t<\/div>\n\t\t\t\t\t<\/div>\n\n\t\n\n\t<div id=\"col-189142612\" class=\"col medium-4 small-12 large-4\"  >\n\t\t\t\t<div class=\"col-inner\"  >\n\t\t\t\n\t\t\t\n<ul class=\"sidebar-wrapper ul-reset\"><aside id=\"flatsome_recent_posts-2\" class=\"widget flatsome_recent_posts\">\t\t<span class=\"widget-title \"><span>B\u00e0i vi\u1ebft m\u1edbi nh\u1ea5t<\/span><\/span><div class=\"is-divider small\"><\/div>\t\t<ul>\t\t\n\t\t\n\t\t<li class=\"recent-blog-posts-li\">\n\t\t\t<div class=\"flex-row recent-blog-posts align-top pt-half pb-half\">\n\t\t\t\t<div class=\"flex-col mr-half\">\n\t\t\t\t\t<div class=\"badge post-date  badge-circle\">\n\t\t\t\t\t\t\t<div class=\"badge-inner bg-fill\" style=\"background: url(https:\/\/ptnktdtt-hanoi.edu.vn\/wp-content\/uploads\/2026\/04\/l12-150x150.jpg); border:0;\">\n                                \t\t\t\t\t\t\t<\/div>\n\t\t\t\t\t<\/div>\n\t\t\t\t<\/div>\n\t\t\t\t<div class=\"flex-col flex-grow\">\n\t\t\t\t\t  <a href=\"https:\/\/ptnktdtt-hanoi.edu.vn\/?p=3787\" title=\"H\u1ed8I KH\u1eceE S\u1ede V\u0102N H\u00d3A V\u00c0 TH\u1ec2 THAO H\u00c0 N\u1ed8I N\u0102M 2026\">H\u1ed8I KH\u1eceE S\u1ede V\u0102N H\u00d3A V\u00c0 TH\u1ec2 THAO H\u00c0 N\u1ed8I N\u0102M 2026<\/a>\n\t\t\t\t   \t  <span class=\"post_comments op-7 block is-xsmall\"><a href=\"https:\/\/ptnktdtt-hanoi.edu.vn\/?p=3787#respond\"><\/a><\/span>\n\t\t\t\t<\/div>\n\t\t\t<\/div>\n\t\t<\/li>\n\t\t\n\t\t\n\t\t<li class=\"recent-blog-posts-li\">\n\t\t\t<div class=\"flex-row recent-blog-posts align-top pt-half pb-half\">\n\t\t\t\t<div class=\"flex-col mr-half\">\n\t\t\t\t\t<div class=\"badge post-date  badge-circle\">\n\t\t\t\t\t\t\t<div class=\"badge-inner bg-fill\" style=\"background: url(https:\/\/ptnktdtt-hanoi.edu.vn\/wp-content\/uploads\/2026\/04\/TTC04487-1-scaled.jpg); border:0;\">\n                                \t\t\t\t\t\t\t<\/div>\n\t\t\t\t\t<\/div>\n\t\t\t\t<\/div>\n\t\t\t\t<div class=\"flex-col flex-grow\">\n\t\t\t\t\t  <a href=\"https:\/\/ptnktdtt-hanoi.edu.vn\/?p=3716\" title=\"H\u00c0NH TR\u00ccNH T\u1ef0 H\u00c0O V\u00c0 TR\u1ea2I NGHI\u1ec6M\">H\u00c0NH TR\u00ccNH T\u1ef0 H\u00c0O V\u00c0 TR\u1ea2I NGHI\u1ec6M<\/a>\n\t\t\t\t   \t  <span class=\"post_comments op-7 block is-xsmall\"><a href=\"https:\/\/ptnktdtt-hanoi.edu.vn\/?p=3716#respond\"><\/a><\/span>\n\t\t\t\t<\/div>\n\t\t\t<\/div>\n\t\t<\/li>\n\t\t\n\t\t\n\t\t<li class=\"recent-blog-posts-li\">\n\t\t\t<div class=\"flex-row recent-blog-posts align-top pt-half pb-half\">\n\t\t\t\t<div class=\"flex-col mr-half\">\n\t\t\t\t\t<div class=\"badge post-date  badge-circle\">\n\t\t\t\t\t\t\t<div class=\"badge-inner bg-fill\" style=\"background: url(https:\/\/ptnktdtt-hanoi.edu.vn\/wp-content\/uploads\/2025\/02\/logo-1-Photoroom-1-150x150.png); border:0;\">\n                                \t\t\t\t\t\t\t<\/div>\n\t\t\t\t\t<\/div>\n\t\t\t\t<\/div>\n\t\t\t\t<div class=\"flex-col flex-grow\">\n\t\t\t\t\t  <a href=\"https:\/\/ptnktdtt-hanoi.edu.vn\/?p=3714\" title=\"K\u1ebe HO\u1ea0CH TUY\u1ec2N SINH N\u0102M H\u1eccC 2026-2027\">K\u1ebe HO\u1ea0CH TUY\u1ec2N SINH N\u0102M H\u1eccC 2026-2027<\/a>\n\t\t\t\t   \t  <span class=\"post_comments op-7 block is-xsmall\"><a href=\"https:\/\/ptnktdtt-hanoi.edu.vn\/?p=3714#respond\"><\/a><\/span>\n\t\t\t\t<\/div>\n\t\t\t<\/div>\n\t\t<\/li>\n\t\t\n\t\t\n\t\t<li class=\"recent-blog-posts-li\">\n\t\t\t<div class=\"flex-row recent-blog-posts align-top pt-half pb-half\">\n\t\t\t\t<div class=\"flex-col mr-half\">\n\t\t\t\t\t<div class=\"badge post-date  badge-circle\">\n\t\t\t\t\t\t\t<div class=\"badge-inner bg-fill\" style=\"background: url(https:\/\/ptnktdtt-hanoi.edu.vn\/wp-content\/uploads\/2026\/03\/m13-150x150.jpg); border:0;\">\n                                \t\t\t\t\t\t\t<\/div>\n\t\t\t\t\t<\/div>\n\t\t\t\t<\/div>\n\t\t\t\t<div class=\"flex-col flex-grow\">\n\t\t\t\t\t  <a href=\"https:\/\/ptnktdtt-hanoi.edu.vn\/?p=3640\" title=\"L\u1ec4 K\u1ef6 NI\u1ec6M 95 N\u0102M NG\u00c0Y TH\u00c0NH L\u1eacP \u0110O\u00c0N TNCS H\u1ed2 CH\u00cd MINH V\u00c0 80 N\u0102M NG\u00c0Y TRUY\u1ec0N TH\u1ed0NG TH\u1ec2 THAO VI\u1ec6T NAM\">L\u1ec4 K\u1ef6 NI\u1ec6M 95 N\u0102M NG\u00c0Y TH\u00c0NH L\u1eacP \u0110O\u00c0N TNCS H\u1ed2 CH\u00cd MINH V\u00c0 80 N\u0102M NG\u00c0Y TRUY\u1ec0N TH\u1ed0NG TH\u1ec2 THAO VI\u1ec6T NAM<\/a>\n\t\t\t\t   \t  <span class=\"post_comments op-7 block is-xsmall\"><a href=\"https:\/\/ptnktdtt-hanoi.edu.vn\/?p=3640#respond\"><\/a><\/span>\n\t\t\t\t<\/div>\n\t\t\t<\/div>\n\t\t<\/li>\n\t\t\n\t\t\n\t\t<li class=\"recent-blog-posts-li\">\n\t\t\t<div class=\"flex-row recent-blog-posts align-top pt-half pb-half\">\n\t\t\t\t<div class=\"flex-col mr-half\">\n\t\t\t\t\t<div class=\"badge post-date  badge-circle\">\n\t\t\t\t\t\t\t<div class=\"badge-inner bg-fill\" style=\"background: url(https:\/\/ptnktdtt-hanoi.edu.vn\/wp-content\/uploads\/2025\/02\/cropped-logo-1-1-150x150.png); border:0;\">\n                                \t\t\t\t\t\t\t<\/div>\n\t\t\t\t\t<\/div>\n\t\t\t\t<\/div>\n\t\t\t\t<div class=\"flex-col flex-grow\">\n\t\t\t\t\t  <a href=\"https:\/\/ptnktdtt-hanoi.edu.vn\/?p=3605\" title=\"QUY\u1ebeT \u0110\u1ecaNH B\u1ed4 SUNG H\u1eccC B\u1ed4NG KK H\u1eccC T\u1eacP\">QUY\u1ebeT \u0110\u1ecaNH B\u1ed4 SUNG H\u1eccC B\u1ed4NG KK H\u1eccC T\u1eacP<\/a>\n\t\t\t\t   \t  <span class=\"post_comments op-7 block is-xsmall\"><a href=\"https:\/\/ptnktdtt-hanoi.edu.vn\/?p=3605#respond\"><\/a><\/span>\n\t\t\t\t<\/div>\n\t\t\t<\/div>\n\t\t<\/li>\n\t\t\n\t\t\n\t\t<li class=\"recent-blog-posts-li\">\n\t\t\t<div class=\"flex-row recent-blog-posts align-top pt-half pb-half\">\n\t\t\t\t<div class=\"flex-col mr-half\">\n\t\t\t\t\t<div class=\"badge post-date  badge-circle\">\n\t\t\t\t\t\t\t<div class=\"badge-inner bg-fill\" style=\"background: url(https:\/\/ptnktdtt-hanoi.edu.vn\/wp-content\/uploads\/2025\/02\/cropped-logo-1-1-150x150.png); border:0;\">\n                                \t\t\t\t\t\t\t<\/div>\n\t\t\t\t\t<\/div>\n\t\t\t\t<\/div>\n\t\t\t\t<div class=\"flex-col flex-grow\">\n\t\t\t\t\t  <a href=\"https:\/\/ptnktdtt-hanoi.edu.vn\/?p=3603\" title=\"K\u1ebe HO\u1ea0CH TUY\u1ec2N SINH V\u00c0O 10 THPT C\u1ee6A UBND TP H\u00c0 N\u1ed8I\">K\u1ebe HO\u1ea0CH TUY\u1ec2N SINH V\u00c0O 10 THPT C\u1ee6A UBND TP H\u00c0 N\u1ed8I<\/a>\n\t\t\t\t   \t  <span class=\"post_comments op-7 block is-xsmall\"><a href=\"https:\/\/ptnktdtt-hanoi.edu.vn\/?p=3603#respond\"><\/a><\/span>\n\t\t\t\t<\/div>\n\t\t\t<\/div>\n\t\t<\/li>\n\t\t\t\t<\/ul>\t\t<\/aside><\/ul>\n\t\t<\/div>\n\t\t\t\t\t<\/div>\n\n\t\n<\/div>\n\t\t<\/div>\n\n\t\t\n<style>\n#section_1936602404 {\n  padding-top: 30px;\n  padding-bottom: 30px;\n}\n#section_1936602404 .ux-shape-divider--top svg {\n  height: 150px;\n  --divider-top-width: 100%;\n}\n#section_1936602404 .ux-shape-divider--bottom svg {\n  height: 150px;\n  --divider-width: 100%;\n}\n<\/style>\n\t<\/section>\n\t\n","protected":false},"excerpt":{"rendered":"","protected":false},"author":1,"featured_media":0,"parent":0,"menu_order":0,"comment_status":"closed","ping_status":"closed","template":"page-blank.php","meta":{"footnotes":""},"class_list":["post-160","page","type-page","status-publish","hentry"],"_links":{"self":[{"href":"https:\/\/ptnktdtt-hanoi.edu.vn\/index.php?rest_route=\/wp\/v2\/pages\/160","targetHints":{"allow":["GET"]}}],"collection":[{"href":"https:\/\/ptnktdtt-hanoi.edu.vn\/index.php?rest_route=\/wp\/v2\/pages"}],"about":[{"href":"https:\/\/ptnktdtt-hanoi.edu.vn\/index.php?rest_route=\/wp\/v2\/types\/page"}],"author":[{"embeddable":true,"href":"https:\/\/ptnktdtt-hanoi.edu.vn\/index.php?rest_route=\/wp\/v2\/users\/1"}],"replies":[{"embeddable":true,"href":"https:\/\/ptnktdtt-hanoi.edu.vn\/index.php?rest_route=%2Fwp%2Fv2%2Fcomments&post=160"}],"version-history":[{"count":11,"href":"https:\/\/ptnktdtt-hanoi.edu.vn\/index.php?rest_route=\/wp\/v2\/pages\/160\/revisions"}],"predecessor-version":[{"id":898,"href":"https:\/\/ptnktdtt-hanoi.edu.vn\/index.php?rest_route=\/wp\/v2\/pages\/160\/revisions\/898"}],"wp:attachment":[{"href":"https:\/\/ptnktdtt-hanoi.edu.vn\/index.php?rest_route=%2Fwp%2Fv2%2Fmedia&parent=160"}],"curies":[{"name":"wp","href":"https:\/\/api.w.org\/{rel}","templated":true}]}}